{"id":3282,"date":"2023-02-11T13:35:22","date_gmt":"2023-02-11T13:35:22","guid":{"rendered":"https:\/\/villa-istrien.eu\/pogoji-odpovedi\/"},"modified":"2023-04-22T10:18:45","modified_gmt":"2023-04-22T10:18:45","slug":"pogoji-odpovedi","status":"publish","type":"page","link":"https:\/\/villa-istrien.eu\/sl\/pogoji-odpovedi\/","title":{"rendered":"Pogoji odpovedi"},"content":{"rendered":"\t\t<div data-elementor-type=\"wp-page\" data-elementor-id=\"3282\" class=\"elementor elementor-3282 elementor-845\" data-elementor-post-type=\"page\">\n\t\t\t\t\t\t<section class=\"elementor-section elementor-top-section elementor-element elementor-element-24cbce7c elementor-section-boxed elementor-section-height-default elementor-section-height-default\" data-id=\"24cbce7c\" data-element_type=\"section\" data-e-type=\"section\">\n\t\t\t\t\t\t<div class=\"elementor-container elementor-column-gap-default\">\n\t\t\t\t\t<div class=\"elementor-column elementor-col-100 elementor-top-column elementor-element elementor-element-259fe2ff\" data-id=\"259fe2ff\" data-element_type=\"column\" data-e-type=\"column\">\n\t\t\t<div class=\"elementor-widget-wrap elementor-element-populated\">\n\t\t\t\t\t\t<div class=\"elementor-element elementor-element-4628002b elementor-widget elementor-widget-text-editor\" data-id=\"4628002b\" data-element_type=\"widget\" data-e-type=\"widget\" data-widget_type=\"text-editor.default\">\n\t\t\t\t<div class=\"elementor-widget-container\">\n\t\t\t\t\t\t\t\t\t<h1><strong><u>Pogoji odpovedi<\/u><\/strong><\/h1>\n<\/p>\n<h3><strong>Pogoji odpovedi \/ prekinitve<\/strong><\/h3>\n<p>V primeru odpovedi do \u0161est tednov pred prihodom se zara\u010duna 40 % zneska na ra\u010dunu. (Primer: na\u010drtovani prihod je sobota, 24.09.2022, \u0161est tednov pred prihodom je sobota, 13.08.2022, odpoved je treba prejeti najpozneje do 12.08.2022 do 24:00).<\/p>\n<p>V primeru odpovedi do tri tedne pred prihodom se zara\u010duna 75 % zneska na ra\u010dunu. (Primer: na\u010drtovani prihod je sobota, 24.09.2022, tri tedne pred prihodom je sobota, 03.09.2022, odpoved je treba prejeti najpozneje do 02.09.2022 do 24:00.)<\/p>\n<p>V primeru odpovedi v 3 tednih pred prihodom se zara\u010duna 100 % zneska na ra\u010dunu. (Primer: na\u010drtovani prihod je sobota, 24.09.2022, tri tedne pred prihodom je sobota, 03.09.2022, odpovedi, prejete po 03.09.2022 od 0:00, so prejete v treh tednih pred prihodom).<\/p>\n<p>Zgoraj navedeni pogoji odpovedi veljajo enako, \u010de pogodbo odpove dru\u017eba RECON ISTRIA. V primeru odpovedi najemne pogodbe se po potrebi vrnejo prepla\u010dila.<\/p><\/p>\n\t\t\t\t\t\t\t\t<\/div>\n\t\t\t\t<\/div>\n\t\t\t\t\t<\/div>\n\t\t<\/div>\n\t\t\t\t\t<\/div>\n\t\t<\/section>\n\t\t\t\t<\/div>\n\t\t","protected":false},"excerpt":{"rendered":"<p>Pogoji odpovedi Pogoji odpovedi \/ prekinitve V primeru odpovedi do \u0161est tednov pred prihodom se zara\u010duna 40 % zneska na ra\u010dunu. (Primer: na\u010drtovani prihod je sobota, 24.09.2022, \u0161est tednov pred prihodom je sobota, 13.08.2022, odpoved je treba prejeti najpozneje do 12.08.2022 do 24:00). V primeru odpovedi do tri tedne pred prihodom se zara\u010duna 75 % [&hellip;]<\/p>\n","protected":false},"author":1,"featured_media":0,"parent":0,"menu_order":0,"comment_status":"closed","ping_status":"closed","template":"","meta":{"footnotes":""},"class_list":["post-3282","page","type-page","status-publish","hentry"],"_links":{"self":[{"href":"https:\/\/villa-istrien.eu\/sl\/wp-json\/wp\/v2\/pages\/3282","targetHints":{"allow":["GET"]}}],"collection":[{"href":"https:\/\/villa-istrien.eu\/sl\/wp-json\/wp\/v2\/pages"}],"about":[{"href":"https:\/\/villa-istrien.eu\/sl\/wp-json\/wp\/v2\/types\/page"}],"author":[{"embeddable":true,"href":"https:\/\/villa-istrien.eu\/sl\/wp-json\/wp\/v2\/users\/1"}],"replies":[{"embeddable":true,"href":"https:\/\/villa-istrien.eu\/sl\/wp-json\/wp\/v2\/comments?post=3282"}],"version-history":[{"count":0,"href":"https:\/\/villa-istrien.eu\/sl\/wp-json\/wp\/v2\/pages\/3282\/revisions"}],"wp:attachment":[{"href":"https:\/\/villa-istrien.eu\/sl\/wp-json\/wp\/v2\/media?parent=3282"}],"curies":[{"name":"wp","href":"https:\/\/api.w.org\/{rel}","templated":true}]}}