{"id":3267,"date":"2022-07-14T17:29:39","date_gmt":"2022-07-14T17:29:39","guid":{"rendered":"https:\/\/villa-istrien.eu\/odtis\/"},"modified":"2023-07-02T08:34:52","modified_gmt":"2023-07-02T08:34:52","slug":"odtis","status":"publish","type":"page","link":"https:\/\/villa-istrien.eu\/sl\/odtis\/","title":{"rendered":"Odtis"},"content":{"rendered":"\t\t<div data-elementor-type=\"wp-page\" data-elementor-id=\"3267\" class=\"elementor elementor-3267 elementor-598\" data-elementor-post-type=\"page\">\n\t\t\t\t\t\t<section class=\"elementor-section elementor-top-section elementor-element elementor-element-24cbce7c elementor-section-boxed elementor-section-height-default elementor-section-height-default\" data-id=\"24cbce7c\" data-element_type=\"section\" data-e-type=\"section\">\n\t\t\t\t\t\t<div class=\"elementor-container elementor-column-gap-default\">\n\t\t\t\t\t<div class=\"elementor-column elementor-col-100 elementor-top-column elementor-element elementor-element-259fe2ff\" data-id=\"259fe2ff\" data-element_type=\"column\" data-e-type=\"column\">\n\t\t\t<div class=\"elementor-widget-wrap elementor-element-populated\">\n\t\t\t\t\t\t<div class=\"elementor-element elementor-element-4628002b elementor-widget elementor-widget-text-editor\" data-id=\"4628002b\" data-element_type=\"widget\" data-e-type=\"widget\" data-widget_type=\"text-editor.default\">\n\t\t\t\t<div class=\"elementor-widget-container\">\n\t\t\t\t\t\t\t\t\t<h2>Informacije v skladu s \u00a7 5 TMG<\/h2>\n<p>Markus &amp; Lydia Reihofer<br>VILLA PIETRA<br>RECON ISTRIA d.o.o.<br>Srebrni\u0107i 14<br>52463 Vi\u0161njan<\/p>\n<h2>Pi\u0161ite na<\/h2>\n<p>Telefon: 0049 8582 978 969-565<br>E-naslov: urlaub@villa-istrien.eu<\/p>\n<h2>Re\u0161evanje sporov v EU<\/h2>\n<p>Evropska komisija zagotavlja platformo za spletno re\u0161evanje sporov (ODR): https: <a href=\"https:\/\/ec.europa.eu\/consumers\/odr\/\" target=\"_blank\" rel=\"noopener noreferrer\">\/\/ec.europa.eu\/consumers\/odr\/<\/a>.<br>  Na\u0161 e-po\u0161tni naslov najdete v zgornjem odtisu.<\/p>\n<h2>Re\u0161evanje potro\u0161ni\u0161kih sporov\/Univerzalni arbitra\u017eni svet<\/h2>\n<p>Nismo pripravljeni ali dol\u017eni sodelovati v postopku re\u0161evanja sporov pred potro\u0161ni\u0161ko arbitra\u017eo.<\/p>\t\t\t\t\t\t\t\t<\/div>\n\t\t\t\t<\/div>\n\t\t\t\t\t<\/div>\n\t\t<\/div>\n\t\t\t\t\t<\/div>\n\t\t<\/section>\n\t\t\t\t<\/div>\n\t\t","protected":false},"excerpt":{"rendered":"<p>Informacije v skladu s \u00a7 5 TMG Markus &amp; Lydia ReihoferVILLA PIETRARECON ISTRIA d.o.o.Srebrni\u0107i 1452463 Vi\u0161njan Pi\u0161ite na Telefon: 0049 8582 978 969-565E-naslov: urlaub@villa-istrien.eu Re\u0161evanje sporov v EU Evropska komisija zagotavlja platformo za spletno re\u0161evanje sporov (ODR): https: \/\/ec.europa.eu\/consumers\/odr\/. Na\u0161 e-po\u0161tni naslov najdete v zgornjem odtisu. Re\u0161evanje potro\u0161ni\u0161kih sporov\/Univerzalni arbitra\u017eni svet Nismo pripravljeni ali dol\u017eni [&hellip;]<\/p>\n","protected":false},"author":1,"featured_media":0,"parent":0,"menu_order":0,"comment_status":"closed","ping_status":"closed","template":"","meta":{"footnotes":""},"class_list":["post-3267","page","type-page","status-publish","hentry"],"_links":{"self":[{"href":"https:\/\/villa-istrien.eu\/sl\/wp-json\/wp\/v2\/pages\/3267","targetHints":{"allow":["GET"]}}],"collection":[{"href":"https:\/\/villa-istrien.eu\/sl\/wp-json\/wp\/v2\/pages"}],"about":[{"href":"https:\/\/villa-istrien.eu\/sl\/wp-json\/wp\/v2\/types\/page"}],"author":[{"embeddable":true,"href":"https:\/\/villa-istrien.eu\/sl\/wp-json\/wp\/v2\/users\/1"}],"replies":[{"embeddable":true,"href":"https:\/\/villa-istrien.eu\/sl\/wp-json\/wp\/v2\/comments?post=3267"}],"version-history":[{"count":0,"href":"https:\/\/villa-istrien.eu\/sl\/wp-json\/wp\/v2\/pages\/3267\/revisions"}],"wp:attachment":[{"href":"https:\/\/villa-istrien.eu\/sl\/wp-json\/wp\/v2\/media?parent=3267"}],"curies":[{"name":"wp","href":"https:\/\/api.w.org\/{rel}","templated":true}]}}