{"id":3204,"date":"2022-05-08T10:09:12","date_gmt":"2022-05-08T10:09:12","guid":{"rendered":"https:\/\/villa-istrien.eu\/politika-zasebnosti\/"},"modified":"2023-07-02T08:33:01","modified_gmt":"2023-07-02T08:33:01","slug":"politika-zasebnosti","status":"publish","type":"page","link":"https:\/\/villa-istrien.eu\/sl\/politika-zasebnosti\/","title":{"rendered":"Politika zasebnosti"},"content":{"rendered":"\t\t<div data-elementor-type=\"wp-page\" data-elementor-id=\"3204\" class=\"elementor elementor-3204 elementor-3\" data-elementor-post-type=\"page\">\n\t\t\t\t\t\t<section class=\"elementor-section elementor-top-section elementor-element elementor-element-24cbce7c elementor-section-boxed elementor-section-height-default elementor-section-height-default\" data-id=\"24cbce7c\" data-element_type=\"section\" data-e-type=\"section\">\n\t\t\t\t\t\t<div class=\"elementor-container elementor-column-gap-default\">\n\t\t\t\t\t<div class=\"elementor-column elementor-col-100 elementor-top-column elementor-element elementor-element-259fe2ff\" data-id=\"259fe2ff\" data-element_type=\"column\" data-e-type=\"column\">\n\t\t\t<div class=\"elementor-widget-wrap elementor-element-populated\">\n\t\t\t\t\t\t<div class=\"elementor-element elementor-element-4628002b elementor-widget elementor-widget-text-editor\" data-id=\"4628002b\" data-element_type=\"widget\" data-e-type=\"widget\" data-widget_type=\"text-editor.default\">\n\t\t\t\t<div class=\"elementor-widget-container\">\n\t\t\t\t\t\t\t\t\t<h2>1. varstvo podatkov na kratko<\/h2>\n<h3>Splo\u0161ne opombe<\/h3>\n<p>Naslednja obvestila vsebujejo preprost pregled tega, kaj se zgodi z va\u0161imi osebnimi podatki, ko obi\u0161\u010dete to spletno mesto. Osebni podatki so vsi podatki, na podlagi katerih vas je mogo\u010de osebno identificirati. Za podrobnej\u0161e informacije o varstvu podatkov glejte na\u0161o izjavo o varstvu podatkov, ki je navedena pod tem besedilom.<\/p>\n<h3>Zbiranje podatkov na tem spletnem mestu<\/h3>\n<h4>Kdo je odgovoren za zbiranje podatkov na tem spletnem mestu?<\/h4>\n<p>Obdelavo podatkov na tem spletnem mestu izvaja upravljavec spletnega mesta. Njihove kontaktne podatke najdete v razdelku &#8220;Informacije o odgovornem organu&#8221; v tej izjavi o varstvu podatkov.<\/p>\n<h4>Kako zbiramo va\u0161e podatke?<\/h4>\n<p>Po eni strani se va\u0161i podatki zbirajo tako, da nam jih posredujete. To so lahko na primer podatki, ki jih vnesete v kontaktni obrazec.<\/p>\n<p>Druge podatke zbirajo na\u0161i informacijski sistemi samodejno ali z va\u0161im soglasjem, ko obi\u0161\u010dete spletno mesto. To so predvsem tehni\u010dni podatki (npr. spletni brskalnik, operacijski sistem ali \u010das ogleda strani). Ti podatki se zbirajo samodejno, takoj ko vstopite na to spletno mesto.<\/p>\n<h4>Za kaj uporabljamo va\u0161e podatke?<\/h4>\n<p>Del podatkov se zbira za zagotavljanje brezhibnega delovanja spletnega mesta. Drugi podatki se lahko uporabijo za analizo va\u0161ega vedenja.<\/p>\n<h4>Katere pravice imate v zvezi s svojimi podatki?<\/h4>\n<p>Imate pravico, da kadar koli brezpla\u010dno prejmete informacije o izvoru, prejemniku in namenu shranjenih osebnih podatkov. Prav tako imate pravico zahtevati popravek ali izbris teh podatkov. \u010ce ste privolili v obdelavo podatkov, lahko to privolitev kadar koli v prihodnosti prekli\u010dete. Prav tako imate v dolo\u010denih okoli\u0161\u010dinah pravico zahtevati omejitev obdelave va\u0161ih osebnih podatkov. Poleg tega imate pravico vlo\u017eiti prito\u017ebo pri pristojnem nadzornem organu.<\/p>\n<p>V zvezi s tem in drugimi vpra\u0161anji o varstvu podatkov se lahko kadar koli obrnete na nas.<\/p>\n<h2>2. gostovanje<\/h2>\n<h3>Strato<\/h3>\n<p>Svoje spletno mesto gostimo pri podjetju Strato. Ponudnik je Strato AG, Otto-Ostrowski-Stra\u00dfe 7, 10249 Berlin (v nadaljevanju &#8220;Strato&#8221;). Ko obi\u0161\u010dete na\u0161e spletno mesto, Strato zbira razli\u010dne dnevni\u0161ke datoteke, vklju\u010dno z va\u0161imi naslovi IP.<\/p>\n<p>Dodatne informacije so na voljo v Stratovem pravilniku o zasebnosti: https: <a href=\"https:\/\/www.strato.de\/datenschutz\/\" target=\"_blank\" rel=\"noopener noreferrer\">\/\/www.strato.de\/datenschutz\/<\/a>.<\/p>\n<p>Uporaba sistema Strato temelji na \u010dlenu 6(1)(2). 1 litra. f GDPR. V na\u0161em zakonitem interesu je, da zagotovimo \u010dim bolj zanesljivo predstavitev na\u0161ega spletnega mesta. \u010ce je bila zahtevana ustrezna privolitev, se obdelava izvaja izklju\u010dno na podlagi \u010dlena 6(1)(2). 1 litra. a DSGVO in \u00a7 25 odst. 1 TTDSG, \u010de privolitev vklju\u010duje shranjevanje pi\u0161kotkov ali dostop do informacij v uporabnikovi kon\u010dni napravi (npr. prstni odtis naprave) v smislu TTDSG. Soglasje lahko kadar koli prekli\u010dete.<\/p>\n<h4>Obdelava delovnih mest<\/h4>\n<p>Z zgoraj navedenim ponudnikom smo sklenili pogodbo o obdelavi naro\u010dil (AVV). To je pogodba, ki jo zahteva zakonodaja o varstvu podatkov, ki zagotavlja, da podjetje obdeluje osebne podatke obiskovalcev na\u0161ega spletnega mesta samo v skladu z na\u0161imi navodili in v skladu z DSGVO.<\/p>\n<h2>3 Splo\u0161ne opombe in obvezne informacije<\/h2>\n<h3>Varstvo podatkov<\/h3>\n<p>Upravljavci teh strani zelo resno jemljejo varstvo va\u0161ih osebnih podatkov. Va\u0161e osebne podatke obravnavamo zaupno in v skladu z zakonskimi predpisi o varstvu podatkov ter to izjavo o varstvu podatkov.<\/p>\n<p>Ko uporabljate to spletno mesto, se zbirajo razli\u010dni osebni podatki. Osebni podatki so podatki, na podlagi katerih vas je mogo\u010de osebno identificirati. Ta pravilnik o zasebnosti pojasnjuje, katere podatke zbiramo in za kaj jih uporabljamo. Pojasnjuje tudi, kako in s kak\u0161nim namenom se to po\u010dne.<\/p>\n<p>Opozarjamo, da ima lahko prenos podatkov prek interneta (npr. komunikacija prek e-po\u0161te) varnostne vrzeli. Popolna za\u0161\u010dita podatkov pred dostopom tretjih oseb ni mogo\u010da.<\/p>\n<h3>Opomba o pristojnem organu<\/h3>\n<p>Upravljavec podatkov za to spletno mesto je:<\/p>\n<p>RECON ISTRIA d.o.o.<br \/>Srebrni\u0107i 14<br \/>52463 Vi\u0161njan<\/p>\n<p>Kontaktna oseba:<br \/>Markus &amp; Lydia Reihofer<br \/>Ulica Kaltenbacher 6<br \/>94133 R\u00f6hrnbach<\/p>\n<p>Telefon: 0049 8582 978 969-565<br \/>E-naslov: urlaub@villa-istrien.eu<\/p>\n<p>Upravljavec je fizi\u010dna ali pravna oseba, ki sama ali skupaj z drugimi dolo\u010da namene in sredstva obdelave osebnih podatkov (npr. imen, e-po\u0161tnih naslovov itd.).<\/p>\n<h3>Obdobje skladi\u0161\u010denja<\/h3>\n<p>\u010ce v tem pravilniku o zasebnosti ni naveden podrobnej\u0161i rok hrambe, bodo va\u0161i osebni podatki ostali pri nas, dokler ne preneha veljati namen obdelave podatkov. \u010ce vlo\u017eite upravi\u010deno zahtevo za izbris ali prekli\u010dete soglasje za obdelavo podatkov, bodo va\u0161i podatki izbrisani, razen \u010de imamo druge pravno dopustne razloge za shranjevanje va\u0161ih osebnih podatkov (npr. obdobja hrambe v skladu z dav\u010dno ali gospodarsko zakonodajo); v slednjem primeru bodo podatki izbrisani, ko ti razlogi ne bodo ve\u010d veljali.<\/p>\n<h3>Splo\u0161ne informacije o pravni podlagi za obdelavo podatkov na tem spletnem mestu<\/h3>\n<p>\u010ce ste privolili v obdelavo podatkov, va\u0161e osebne podatke obdelujemo na podlagi \u010dlena 6(1)(2). 1 litra. a DSGVO ali \u010dlena 9(2)(a) DSGVO ali \u010dlena 9(2)(a) DSGVO. 2 litra. a DSGVO, \u010de gre za posebne vrste podatkov v skladu s \u010dlenom 9(2). Obdelano je 1 DSGVO. V primeru izrecne privolitve v prenos osebnih podatkov v tretje dr\u017eave se obdelava podatkov izvaja tudi na podlagi \u010dlena 49(2). 1 litra. a GDPR. \u010ce ste privolili v shranjevanje pi\u0161kotkov ali dostop do informacij v va\u0161i terminalski napravi (npr. s prstnim odtisom naprave), se obdelava podatkov dodatno izvaja na podlagi odstavka 25. 1 TTDSG. Soglasje lahko kadar koli prekli\u010dete. \u010ce so va\u0161i podatki potrebni za izvajanje pogodbe ali izvajanje predpogodbenih ukrepov, va\u0161e podatke obdelujemo na podlagi odstavka 6. 1 litra. b GDPR. Poleg tega va\u0161e podatke obdelujemo, \u010de je to potrebno za izpolnitev zakonske obveznosti na podlagi \u010dlena 6(1)(2). 1 litra. c GDPR. Obdelava podatkov se lahko izvaja tudi na podlagi na\u0161ega zakonitega interesa v skladu s \u010dlenom 6(2). 1 litra. f DSGVO se izvede. Informacije o ustrezni pravni podlagi v vsakem posameznem primeru so navedene v naslednjih odstavkih te izjave o varstvu podatkov.<\/p>\n<h3>Opomba o prenosu podatkov v ZDA in druge tretje dr\u017eave<\/h3>\n<p>Med drugim uporabljamo orodja podjetij s sede\u017eem v ZDA ali drugih tretjih dr\u017eavah, ki v skladu z zakonodajo o varstvu podatkov niso varna. Ko so ta orodja aktivna, se lahko va\u0161i osebni podatki prenesejo v te tretje dr\u017eave in se v njih obdelujejo. Poudarjamo, da v teh dr\u017eavah ni mogo\u010de zagotoviti ravni varstva podatkov, ki bi bila primerljiva z EU. Ameri\u0161ka podjetja morajo na primer osebne podatke posredovati varnostnim organom, ne da bi vi kot posameznik, na katerega se nana\u0161ajo osebni podatki, lahko spro\u017eili sodni postopek proti temu. Zato ni izklju\u010deno, da ameri\u0161ki organi (npr. obve\u0161\u010devalne slu\u017ebe) obdelujejo, ocenjujejo in trajno shranjujejo va\u0161e podatke, ki se nahajajo na ameri\u0161kih stre\u017enikih, za namene nadzora. Na te dejavnosti obdelave nimamo vpliva.<\/p>\n<h3>Preklic soglasja za obdelavo podatkov<\/h3>\n<p>Veliko postopkov obdelave podatkov je mogo\u010dih le z va\u0161im izrecnim soglasjem. \u017de dano soglasje lahko kadar koli prekli\u010dete. Preklic ne vpliva na zakonitost obdelave podatkov, ki se je izvajala do preklica.<\/p>\n<h3>Pravica do ugovora zbiranju podatkov v posebnih primerih in neposrednemu tr\u017eenju (21. \u010dlen GDPR)<\/h3>\n<p>\u010cE OBDELAVA PODATKOV TEMELJI NA \u010cLENU. 6 ABS. 1 LIT. E ALI F DSGVO, IMATE PRAVICO, DA KADAR KOLI UGOVARJATE OBDELAVI SVOJIH OSEBNIH PODATKOV IZ RAZLOGOV, KI IZHAJAJO IZ VA\u0160EGA POSEBNEGA POLO\u017dAJA; TO VELJA TUDI ZA PROFILIRANJE NA PODLAGI TEH DOLO\u010cB. USTREZNO PRAVNO PODLAGO, NA KATERI TEMELJI OBDELAVA, NAJDETE V TEJ IZJAVI O VARSTVU PODATKOV. \u010cE UGOVARJATE, VA\u0160IH OSEBNIH PODATKOV NE BOMO VE\u010c OBDELOVALI, RAZEN \u010cE LAHKO DOKA\u017dEMO NUJNE ZAKONITE RAZLOGE ZA OBDELAVO, KI PREVLADAJO NAD VA\u0160IMI INTERESI, PRAVICAMI IN SVOBO\u0160\u010cINAMI, ALI \u010cE JE OBDELAVA POTREBNA ZA UVELJAVLJANJE, IZVAJANJE ALI OBRAMBO PRAVNIH ZAHTEVKOV (UGOVOR V SKLADU S \u010cLENOM 21(1) DSGVO).<\/p>\n<p>\u010cE SE VA\u0160I OSEBNI PODATKI OBDELUJEJO ZA NAMEN NEPOSREDNEGA TR\u017dENJA, IMATE PRAVICO, DA KADAR KOLI UGOVARJATE OBDELAVI OSEBNIH PODATKOV V ZVEZI Z VAMI ZA NAMEN TAKEGA TR\u017dENJA; TO VELJA TUDI ZA PROFILIRANJE, \u010cE JE POVEZANO S TAKIM NEPOSREDNIM TR\u017dENJEM. \u010cE UGOVARJATE, SE VA\u0160I OSEBNI PODATKI POZNEJE NE BODO VE\u010c UPORABLJALI ZA NAMEN NEPOSREDNEGA TR\u017dENJA (UGOVOR V SKLADU S \u010cLENOM 21(2) NEM\u0160KEGA ZAKONA O VARSTVU PODATKOV).<\/p>\n<h3>Pravica do prito\u017ebe pri pristojnem nadzornem organu<\/h3>\n<p>V primeru kr\u0161itev SUVP imajo posamezniki, na katere se nana\u0161ajo osebni podatki, pravico do prito\u017ebe pri nadzornem organu, zlasti v dr\u017eavi \u010dlanici njihovega obi\u010dajnega prebivali\u0161\u010da, kraja dela ali kraja domnevne kr\u0161itve. Pravica do prito\u017ebe ne posega v nobeno drugo upravno ali sodno pravno sredstvo.<\/p>\n<h3>Pravica do prenosljivosti podatkov<\/h3>\n<p>Pravico imate, da podatke, ki jih obdelujemo samodejno na podlagi va\u0161e privolitve ali pri izvajanju pogodbe, posredujemo vam ali tretji osebi v obi\u010dajni, strojno berljivi obliki. \u010ce zahtevate neposreden prenos podatkov drugemu upravljavcu, bo to storjeno le, \u010de je to tehni\u010dno izvedljivo.<\/p>\n<h3>Informacije, brisanje in popravljanje<\/h3>\n<p>V okviru veljavnih zakonskih dolo\u010db imate kadar koli pravico do brezpla\u010dnih informacij o svojih shranjenih osebnih podatkih, njihovem izvoru in prejemniku ter namenu obdelave podatkov, po potrebi pa tudi pravico do popravka ali izbrisa teh podatkov. O tem in vseh drugih vpra\u0161anjih v zvezi z osebnimi podatki se lahko kadar koli obrnete na nas.<\/p>\n<h3>Pravica do omejitve obdelave<\/h3>\n<p>Imate pravico zahtevati omejitev obdelave svojih osebnih podatkov. V ta namen nas lahko kadar koli kontaktirate. Pravica do omejitve obdelave obstaja v naslednjih primerih:<\/p>\n<ul>\n<li>\u010ce izpodbijate to\u010dnost svojih osebnih podatkov, ki jih hranimo, bomo obi\u010dajno potrebovali nekaj \u010dasa, da to preverimo. V \u010dasu trajanja pregleda imate pravico zahtevati omejitev obdelave va\u0161ih osebnih podatkov.<\/li>\n<li>\u010ce je obdelava va\u0161ih osebnih podatkov potekala\/se izvaja nezakonito, lahko namesto izbrisa zahtevate omejitev obdelave podatkov.<\/li>\n<li>\u010ce va\u0161ih osebnih podatkov ne potrebujemo ve\u010d, vi pa jih potrebujete za uveljavljanje, obrambo ali izvr\u0161evanje pravnih zahtevkov, imate pravico, da namesto izbrisa zahtevate omejitev obdelave va\u0161ih osebnih podatkov.<\/li>\n<li>\u010ce \u017eelite vlo\u017eiti ugovor v skladu s \u010dlenom 21(2)(2). 1 DSGVO je treba vzpostaviti ravnovesje med va\u0161imi in na\u0161imi interesi. Dokler \u0161e ni dolo\u010deno, \u010digavi interesi prevladajo, imate pravico zahtevati omejitev obdelave va\u0161ih osebnih podatkov.<\/li>\n<\/ul>\n<p>\u010ce ste omejili obdelavo svojih osebnih podatkov, se lahko ti podatki &#8211; poleg tega, da se shranijo &#8211; obdelujejo samo z va\u0161o privolitvijo ali za uveljavljanje, izvajanje ali obrambo pravnih zahtevkov ali za za\u0161\u010dito pravic druge fizi\u010dne ali pravne osebe ali iz razlogov pomembnega javnega interesa Evropske unije ali dr\u017eave \u010dlanice.<\/p>\n<h3>\u0161ifriranje SSL ali TLS<\/h3>\n<p>To spletno mesto uporablja \u0161ifriranje SSL ali TLS iz varnostnih razlogov in za za\u0161\u010dito prenosa zaupne vsebine, kot so naro\u010dila ali poizvedbe, ki jih po\u0161ljete nam kot upravljavcu spletnega mesta. \u0160ifrirano povezavo prepoznate po tem, da se naslovna vrstica brskalnika spremeni iz &#8220;http:\/\/&#8221; v &#8220;https:\/\/&#8221;, in po simbolu klju\u010davnice v vrstici brskalnika.<\/p>\n<p>\u010ce je aktivirano \u0161ifriranje SSL ali TLS, tretje osebe ne morejo prebrati podatkov, ki nam jih posredujete.<\/p>\n<h3>\u0161ifrirane pla\u010dilne transakcije na tem spletnem mestu<\/h3>\n<p>\u010ce nam morate po sklenitvi pogodbe s stro\u0161ki posredovati svoje pla\u010dilne podatke (npr. \u0161tevilko ra\u010duna v primeru odobritve direktne obremenitve), so ti podatki potrebni za obdelavo pla\u010dil.<\/p>\n<p>Pla\u010dilne transakcije z obi\u010dajnimi pla\u010dilnimi sredstvi (Visa\/MasterCard, direktna bremenitev) potekajo izklju\u010dno prek \u0161ifrirane povezave SSL ali TLS. \u0160ifrirano povezavo prepoznate po tem, da se naslovna vrstica brskalnika spremeni iz &#8220;http:\/\/&#8221; v &#8220;https:\/\/&#8221;, in po simbolu klju\u010davnice v vrstici brskalnika.<\/p>\n<p>S \u0161ifrirano komunikacijo va\u0161ih pla\u010dilnih podatkov, ki nam jih posredujete, tretje osebe ne morejo prebrati.<\/p>\n<h2>4. zbiranje podatkov na tem spletnem mestu<\/h2>\n<h3>Pi\u0161kotki<\/h3>\n<p>Na\u0161e spletne strani uporabljajo tako imenovane &#8220;pi\u0161kotke&#8221;. Pi\u0161kotki so majhne besedilne datoteke in ne povzro\u010dajo nobene \u0161kode na va\u0161i terminalski napravi. V va\u0161i kon\u010dni napravi so shranjeni za\u010dasno za \u010das trajanja seje (sejni pi\u0161kotki) ali trajno (trajni pi\u0161kotki). Sejni pi\u0161kotki se samodejno izbri\u0161ejo ob koncu va\u0161ega obiska. Trajni pi\u0161kotki ostanejo shranjeni v va\u0161i kon\u010dni napravi, dokler jih ne izbri\u0161ete sami ali dokler jih samodejno ne izbri\u0161e va\u0161 spletni brskalnik.<\/p>\n<p>V nekaterih primerih se lahko ob vstopu na na\u0161e spletno mesto v va\u0161o kon\u010dno napravo shranijo tudi pi\u0161kotki podjetij tretjih oseb (pi\u0161kotki tretjih oseb). Ti nam ali vam omogo\u010dajo uporabo dolo\u010denih storitev podjetja tretje osebe (npr. pi\u0161kotki za obdelavo pla\u010dilnih storitev).<\/p>\n<p>Pi\u0161kotki imajo razli\u010dne funkcije. \u0160tevilni pi\u0161kotki so tehni\u010dno nujni, saj brez njih nekatere funkcije spletnega mesta ne bi delovale (npr. funkcija nakupovalne ko\u0161arice ali prikaz videoposnetkov). Drugi pi\u0161kotki se uporabljajo za ocenjevanje vedenja uporabnikov ali prikazovanje ogla\u0161evanja.<\/p>\n<p>Pi\u0161kotki, ki so potrebni za izvajanje postopka elektronske komunikacije, zagotavljanje dolo\u010denih funkcij, ki ste jih zahtevali (npr. za funkcijo nakupovalne ko\u0161arice), ali za optimizacijo spletnega mesta (npr. pi\u0161kotki za merjenje spletnega ob\u010dinstva) (potrebni pi\u0161kotki), se shranjujejo na podlagi \u010dlena 6(2)(2)(2)(3). 1 litra. f DSGVO, razen \u010de je navedena druga pravna podlaga. Upravljavec spletnega mesta ima legitimen interes za shranjevanje potrebnih pi\u0161kotkov za tehni\u010dno brezhibno in optimizirano zagotavljanje svojih storitev. \u010ce je bilo zahtevano soglasje za shranjevanje pi\u0161kotkov in primerljivih tehnologij prepoznavanja, se obdelava izvaja izklju\u010dno na podlagi tega soglasja (\u010dlen 6(1)(a) DSGVO in \u010dlen 25(1) TTDSG); soglasje lahko kadar koli prekli\u010dete.<\/p>\n<p>Svoj brskalnik lahko nastavite tako, da ste obve\u0161\u010deni o nastavitvi pi\u0161kotkov in jih dovolite le v posameznih primerih, izklju\u010dite sprejemanje pi\u0161kotkov za dolo\u010dene primere ali na splo\u0161no in aktivirate samodejno brisanje pi\u0161kotkov ob zaprtju brskalnika. \u010ce so pi\u0161kotki deaktivirani, je lahko delovanje tega spletnega mesta omejeno.<\/p>\n<p>\u010ce pi\u0161kotke uporabljajo podjetja tretjih oseb ali za namene analize, vas bomo o tem posebej obvestili v okviru te izjave o varstvu podatkov in po potrebi zahtevali va\u0161e soglasje.<\/p>\n<h3>Kontaktni obrazec<\/h3>\n<p>\u010ce nam po\u0161ljete poizvedbe prek kontaktnega obrazca, bomo va\u0161e podatke iz obrazca za poizvedbe, vklju\u010dno s kontaktnimi podatki, ki ste jih v njem navedli, shranili za namen obdelave poizvedbe in v primeru nadaljnjih poizvedb. Teh podatkov ne posredujemo brez va\u0161e privolitve.<\/p>\n<p>Obdelava teh podatkov temelji na \u010dlenu 6(2). 1 litra. b DSGVO, \u010de je va\u0161a zahteva povezana z izvajanjem pogodbe ali je potrebna za izvajanje predpogodbenih ukrepov. V vseh drugih primerih obdelava temelji na na\u0161em zakonitem interesu za u\u010dinkovito obravnavanje poizvedb, ki so nam poslane (\u010dlen 6(1)(f) DSGVO), ali na va\u0161i privolitvi (\u010dlen 6(1)(a) DSGVO), \u010de ste to zahtevali; privolitev lahko kadar koli prekli\u010dete.<\/p>\n<p>Podatki, ki jih vnesete v kontaktni obrazec, ostanejo pri nas, dokler ne zahtevate njihovega izbrisa, ne prekli\u010dete soglasja za njihovo shranjevanje ali dokler ne preneha veljati namen shranjevanja podatkov (npr. po kon\u010dani obdelavi va\u0161e poizvedbe). Obvezne zakonske dolo\u010dbe &#8211; zlasti obdobja hrambe &#8211; ostanejo nespremenjene.<\/p>\n<h2>5. orodja za analizo in ogla\u0161evanje<\/h2>\n<h3>Statistika WP<\/h3>\n<p>To spletno mesto uporablja orodje za analizo WP Statistics za statisti\u010dno ocenjevanje prometa obiskovalcev. Ponudnik je Veronalabs, ARENCO Tower, 27th Floor, Dubai Media City, Dubai, Dubai 23816, ZAE<a href=\"https:\/\/veronalabs.com\" target=\"_blank\" rel=\"noopener noreferrer\">(https:\/\/veronalabs.com)<\/a>.<\/p>\n<p>WP Statistics nam omogo\u010da analizo uporabe na\u0161ega spletnega mesta. WP Statistics zbira dnevni\u0161ke datoteke (naslov IP, napotitev, uporabljeni brskalnik, izvor uporabnika, uporabljeni iskalnik) in dejanja, ki so jih obiskovalci spletnega mesta opravili na strani (npr. kliki in ogledi).<\/p>\n<p>Podatki, zbrani z WP Statistics, so shranjeni izklju\u010dno na na\u0161em stre\u017eniku.<\/p>\n<p>Uporaba tega analiti\u010dnega orodja temelji na \u010dlenu 6(2). 1 litra. f GDPR. Imamo legitimen interes za anonimno analizo vedenja uporabnikov, da bi optimizirali na\u0161e spletno mesto in ogla\u0161evanje. \u010ce je bila zahtevana ustrezna privolitev, se obdelava izvaja izklju\u010dno na podlagi \u010dlena 6(1)(2). 1 litra. a DSGVO in \u00a7 25 odst. 1 TTDSG, \u010de privolitev vklju\u010duje shranjevanje pi\u0161kotkov ali dostop do informacij v uporabnikovi kon\u010dni napravi (npr. prstni odtis naprave) v smislu TTDSG. Soglasje lahko kadar koli prekli\u010dete.<\/p>\n<h4>anonimizacija IP<\/h4>\n<p>Uporabljamo WP Statistics z anonimiziranim IP. Va\u0161 naslov IP se skraj\u0161a, tako da ga ni ve\u010d mogo\u010de neposredno dodeliti vam.<\/p>\n<h2>6. vti\u010dniki in orodja<\/h2>\n<h3>YouTube z izbolj\u0161ano za\u0161\u010dito podatkov<\/h3>\n<p>To spletno mesto vgrajuje videoposnetke iz YouTuba. Upravljavec strani je Google Ireland Limited (&#8220;Google&#8221;), Gordon House, Barrow Street, Dublin 4, Irska.<\/p>\n<p>Storitev YouTube uporabljamo v raz\u0161irjenem na\u010dinu varovanja podatkov. Po navedbah YouTuba ta na\u010din pomeni, da YouTube ne shranjuje nobenih podatkov o obiskovalcih tega spletnega mesta, preden si ogledajo videoposnetek. Razkritje podatkov partnerjem YouTuba pa ni nujno izklju\u010deno z raz\u0161irjenim na\u010dinom varstva podatkov. Tako YouTube &#8211; ne glede na to, ali si ogledate videoposnetek &#8211; vzpostavi povezavo z Googlovim omre\u017ejem DoubleClick.<\/p>\n<p>Ko na tem spletnem mestu za\u017eenete videoposnetek YouTube, se vzpostavi povezava s stre\u017eniki YouTube. To stre\u017eniku YouTube pove, katere na\u0161e strani ste obiskali. \u010ce ste prijavljeni v svoj ra\u010dun YouTube, omogo\u010date, da YouTube va\u0161e vedenje pri brskanju po spletu neposredno pripi\u0161e va\u0161emu osebnemu profilu. To lahko prepre\u010dite tako, da se odjavite iz ra\u010duna YouTube.<\/p>\n<p>Poleg tega lahko YouTube po zagonu videoposnetka v va\u0161o kon\u010dno napravo shrani razli\u010dne pi\u0161kotke ali uporabi primerljive tehnologije prepoznavanja (npr. prstni odtis naprave). Na ta na\u010din lahko YouTube pridobi informacije o obiskovalcih te spletne strani. Te informacije se med drugim uporabljajo za zbiranje statisti\u010dnih podatkov o videu, izbolj\u0161anje uporabni\u0161ke izku\u0161nje in prepre\u010devanje poskusov goljufij.<\/p>\n<p>Po potrebi se lahko po za\u010detku videoposnetka YouTube spro\u017eijo nadaljnje operacije obdelave podatkov, na katere nimamo vpliva.<\/p>\n<p>YouTube se uporablja za privla\u010dno predstavitev na\u0161ih spletnih ponudb. To predstavlja zakoniti interes v smislu \u010dlena 6(2). 1 litra. f GDPR. \u010ce je bila zahtevana ustrezna privolitev, se obdelava izvaja izklju\u010dno na podlagi \u010dlena 6(1)(2). 1 litra. a DSGVO in \u00a7 25 odst. 1 TTDSG, \u010de privolitev vklju\u010duje shranjevanje pi\u0161kotkov ali dostop do informacij v uporabnikovi kon\u010dni napravi (npr. prstni odtis naprave) v smislu TTDSG. Soglasje lahko kadar koli prekli\u010dete.<\/p>\n<p>Za ve\u010d informacij o zasebnosti v YouTubu si oglejte njihov pravilnik o zasebnosti na naslovu: <a href=\"https:\/\/policies.google.com\/privacy?hl=de\" target=\"_blank\" rel=\"noopener noreferrer\">https:\/\/policies.google.com\/privacy?hl=de<\/a>.<\/p>\n<h2>7. ponudniki e-trgovine in pla\u010dil<\/h2>\n<h3>Pla\u010dilne storitve<\/h3>\n<p>Na svojem spletnem mestu vklju\u010dujemo pla\u010dilne storitve tretjih oseb. Ko pri nas opravite nakup, va\u0161e pla\u010dilne podatke (npr. ime, znesek pla\u010dila, podatke o ra\u010dunu, \u0161tevilko kreditne kartice) obdeluje ponudnik pla\u010dilnih storitev za namen obdelave pla\u010dila. Za te transakcije se uporabljajo ustrezne pogodbene dolo\u010dbe in dolo\u010dbe o varstvu podatkov posameznih ponudnikov. Uporaba ponudnikov pla\u010dilnih storitev temelji na \u010dlenu 6(2). 1 litra. b DSGVO (pogodbena obdelava) in v interesu nemotenega, priro\u010dnega in varnega pla\u010dilnega postopka (\u010dlen 6(1)(f) DSGVO). \u010ce se za dolo\u010dena dejanja zahteva va\u0161a privolitev, se v skladu z odstavkom 6. 1 litra. DSGVO Pravna podlaga za obdelavo podatkov; privolitve je mogo\u010de kadar koli preklicati za prihodnost.<\/p>\n<p>V okviru tega spletnega mesta uporabljamo naslednje pla\u010dilne storitve \/ ponudnike pla\u010dilnih storitev:<\/p>\n<h4>PayPal<\/h4>\n<p>Ponudnik te pla\u010dilne storitve je PayPal (Europe) S.\u00e0.r.l. et Cie, S.C.A., 22-24 Boulevard Royal, L-2449 Luxembourg (v nadaljevanju &#8220;PayPal&#8221;).<\/p>\n<p>Prenos podatkov v ZDA temelji na standardnih pogodbenih klavzulah Komisije EU. Podrobnosti so na voljo tukaj: https: <a href=\"https:\/\/www.paypal.com\/de\/webapps\/mpp\/ua\/pocpsa-full\" target=\"_blank\" rel=\"noopener noreferrer\">\/\/www.paypal.com\/de\/webapps\/mpp\/ua\/pocpsa-full<\/a>.<\/p>\n<p>Podrobnosti so na voljo v pravilniku o zasebnosti dru\u017ebe PayPal: https: <a href=\"https:\/\/www.paypal.com\/de\/webapps\/mpp\/ua\/privacy-full\" target=\"_blank\" rel=\"noopener noreferrer\">\/\/www.paypal.com\/de\/webapps\/mpp\/ua\/privacy-full<\/a>.<\/p>\n\t\t\t\t\t\t\t\t<\/div>\n\t\t\t\t<\/div>\n\t\t\t\t\t<\/div>\n\t\t<\/div>\n\t\t\t\t\t<\/div>\n\t\t<\/section>\n\t\t\t\t<\/div>\n\t\t","protected":false},"excerpt":{"rendered":"<p>1. varstvo podatkov na kratko Splo\u0161ne opombe Naslednja obvestila vsebujejo preprost pregled tega, kaj se zgodi z va\u0161imi osebnimi podatki, ko obi\u0161\u010dete to spletno mesto. Osebni podatki so vsi podatki, na podlagi katerih vas je mogo\u010de osebno identificirati. Za podrobnej\u0161e informacije o varstvu podatkov glejte na\u0161o izjavo o varstvu podatkov, ki je navedena pod tem [&hellip;]<\/p>\n","protected":false},"author":1,"featured_media":0,"parent":0,"menu_order":0,"comment_status":"closed","ping_status":"closed","template":"","meta":{"footnotes":""},"class_list":["post-3204","page","type-page","status-publish","hentry"],"_links":{"self":[{"href":"https:\/\/villa-istrien.eu\/sl\/wp-json\/wp\/v2\/pages\/3204","targetHints":{"allow":["GET"]}}],"collection":[{"href":"https:\/\/villa-istrien.eu\/sl\/wp-json\/wp\/v2\/pages"}],"about":[{"href":"https:\/\/villa-istrien.eu\/sl\/wp-json\/wp\/v2\/types\/page"}],"author":[{"embeddable":true,"href":"https:\/\/villa-istrien.eu\/sl\/wp-json\/wp\/v2\/users\/1"}],"replies":[{"embeddable":true,"href":"https:\/\/villa-istrien.eu\/sl\/wp-json\/wp\/v2\/comments?post=3204"}],"version-history":[{"count":0,"href":"https:\/\/villa-istrien.eu\/sl\/wp-json\/wp\/v2\/pages\/3204\/revisions"}],"wp:attachment":[{"href":"https:\/\/villa-istrien.eu\/sl\/wp-json\/wp\/v2\/media?parent=3204"}],"curies":[{"name":"wp","href":"https:\/\/api.w.org\/{rel}","templated":true}]}}