{"id":3281,"date":"2023-02-11T13:35:22","date_gmt":"2023-02-11T13:35:22","guid":{"rendered":"https:\/\/villa-istrien.eu\/warunki-anulowania\/"},"modified":"2023-04-22T10:18:44","modified_gmt":"2023-04-22T10:18:44","slug":"warunki-anulowania","status":"publish","type":"page","link":"https:\/\/villa-istrien.eu\/pl\/warunki-anulowania\/","title":{"rendered":"Warunki anulowania"},"content":{"rendered":"\t\t<div data-elementor-type=\"wp-page\" data-elementor-id=\"3281\" class=\"elementor elementor-3281 elementor-845\" data-elementor-post-type=\"page\">\n\t\t\t\t\t\t<section class=\"elementor-section elementor-top-section elementor-element elementor-element-24cbce7c elementor-section-boxed elementor-section-height-default elementor-section-height-default\" data-id=\"24cbce7c\" data-element_type=\"section\" data-e-type=\"section\">\n\t\t\t\t\t\t<div class=\"elementor-container elementor-column-gap-default\">\n\t\t\t\t\t<div class=\"elementor-column elementor-col-100 elementor-top-column elementor-element elementor-element-259fe2ff\" data-id=\"259fe2ff\" data-element_type=\"column\" data-e-type=\"column\">\n\t\t\t<div class=\"elementor-widget-wrap elementor-element-populated\">\n\t\t\t\t\t\t<div class=\"elementor-element elementor-element-4628002b elementor-widget elementor-widget-text-editor\" data-id=\"4628002b\" data-element_type=\"widget\" data-e-type=\"widget\" data-widget_type=\"text-editor.default\">\n\t\t\t\t<div class=\"elementor-widget-container\">\n\t\t\t\t\t\t\t\t\t<h1><strong><u>Warunki anulowania<\/u><\/strong><\/h1>\n<\/p>\n<h3><strong>Warunki anulowania \/ wypowiedzenia<\/strong><\/h3>\n<p>W przypadku anulowania rezerwacji do sze\u015bciu tygodni przed przyjazdem, 40% kwoty faktury zostanie pobrane jako op\u0142ata za anulowanie rezerwacji. (Przyk\u0142ad: planowany przyjazd to sobota, 24.09.2022, sze\u015b\u0107 tygodni przed przyjazdem to sobota, 13.08.2022, rezygnacja musi wp\u0142yn\u0105\u0107 nie p\u00f3\u017aniej ni\u017c 12.08.2022 do godziny 24:00).<\/p>\n<p>W przypadku anulowania rezerwacji do trzech tygodni przed przyjazdem, 75% kwoty faktury zostanie pobrane jako op\u0142ata za anulowanie rezerwacji. (Przyk\u0142ad: planowany przyjazd to sobota, 24.09.2022, trzy tygodnie przed przyjazdem to sobota, 03.09.2022, rezygnacja musi wp\u0142yn\u0105\u0107 najp\u00f3\u017aniej do godziny 24:00 dnia 02.09.2022).<\/p>\n<p>W przypadku anulowania rezerwacji w ci\u0105gu 3 tygodni przed przyjazdem, 100% kwoty faktury zostanie pobrane jako op\u0142ata za anulowanie rezerwacji. (Przyk\u0142ad: planowany przyjazd to sobota, 24.09.2022, trzy tygodnie przed przyjazdem to sobota, 03.09.2022, anulacja otrzymana po 03.09.2022 od godziny 0:00 jest przyjmowana w ci\u0105gu 3 tygodni przed przyjazdem).<\/p>\n<p>Powy\u017csze warunki odst\u0105pienia od umowy obowi\u0105zuj\u0105 analogicznie w przypadku odst\u0105pienia od umowy przez RECON ISTRIA. W przypadku anulowania umowy najmu, nadp\u0142aty zostan\u0105 zwr\u00f3cone, je\u015bli dotyczy.<\/p><\/p>\n\t\t\t\t\t\t\t\t<\/div>\n\t\t\t\t<\/div>\n\t\t\t\t\t<\/div>\n\t\t<\/div>\n\t\t\t\t\t<\/div>\n\t\t<\/section>\n\t\t\t\t<\/div>\n\t\t","protected":false},"excerpt":{"rendered":"<p>Warunki anulowania Warunki anulowania \/ wypowiedzenia W przypadku anulowania rezerwacji do sze\u015bciu tygodni przed przyjazdem, 40% kwoty faktury zostanie pobrane jako op\u0142ata za anulowanie rezerwacji. (Przyk\u0142ad: planowany przyjazd to sobota, 24.09.2022, sze\u015b\u0107 tygodni przed przyjazdem to sobota, 13.08.2022, rezygnacja musi wp\u0142yn\u0105\u0107 nie p\u00f3\u017aniej ni\u017c 12.08.2022 do godziny 24:00). W przypadku anulowania rezerwacji do trzech tygodni [&hellip;]<\/p>\n","protected":false},"author":1,"featured_media":0,"parent":0,"menu_order":0,"comment_status":"closed","ping_status":"closed","template":"","meta":{"footnotes":""},"class_list":["post-3281","page","type-page","status-publish","hentry"],"_links":{"self":[{"href":"https:\/\/villa-istrien.eu\/pl\/wp-json\/wp\/v2\/pages\/3281","targetHints":{"allow":["GET"]}}],"collection":[{"href":"https:\/\/villa-istrien.eu\/pl\/wp-json\/wp\/v2\/pages"}],"about":[{"href":"https:\/\/villa-istrien.eu\/pl\/wp-json\/wp\/v2\/types\/page"}],"author":[{"embeddable":true,"href":"https:\/\/villa-istrien.eu\/pl\/wp-json\/wp\/v2\/users\/1"}],"replies":[{"embeddable":true,"href":"https:\/\/villa-istrien.eu\/pl\/wp-json\/wp\/v2\/comments?post=3281"}],"version-history":[{"count":0,"href":"https:\/\/villa-istrien.eu\/pl\/wp-json\/wp\/v2\/pages\/3281\/revisions"}],"wp:attachment":[{"href":"https:\/\/villa-istrien.eu\/pl\/wp-json\/wp\/v2\/media?parent=3281"}],"curies":[{"name":"wp","href":"https:\/\/api.w.org\/{rel}","templated":true}]}}