{"id":3398,"date":"2023-02-11T13:35:22","date_gmt":"2023-02-11T13:35:22","guid":{"rendered":"https:\/\/villa-istrien.eu\/condizioni-di-cancellazione\/"},"modified":"2023-04-22T10:26:35","modified_gmt":"2023-04-22T10:26:35","slug":"condizioni-di-cancellazione","status":"publish","type":"page","link":"https:\/\/villa-istrien.eu\/it\/condizioni-di-cancellazione\/","title":{"rendered":"Condizioni di cancellazione"},"content":{"rendered":"\t\t<div data-elementor-type=\"wp-page\" data-elementor-id=\"3398\" class=\"elementor elementor-3398 elementor-845\" data-elementor-post-type=\"page\">\n\t\t\t\t\t\t<section class=\"elementor-section elementor-top-section elementor-element elementor-element-24cbce7c elementor-section-boxed elementor-section-height-default elementor-section-height-default\" data-id=\"24cbce7c\" data-element_type=\"section\" data-e-type=\"section\">\n\t\t\t\t\t\t<div class=\"elementor-container elementor-column-gap-default\">\n\t\t\t\t\t<div class=\"elementor-column elementor-col-100 elementor-top-column elementor-element elementor-element-259fe2ff\" data-id=\"259fe2ff\" data-element_type=\"column\" data-e-type=\"column\">\n\t\t\t<div class=\"elementor-widget-wrap elementor-element-populated\">\n\t\t\t\t\t\t<div class=\"elementor-element elementor-element-4628002b elementor-widget elementor-widget-text-editor\" data-id=\"4628002b\" data-element_type=\"widget\" data-e-type=\"widget\" data-widget_type=\"text-editor.default\">\n\t\t\t\t<div class=\"elementor-widget-container\">\n\t\t\t\t\t\t\t\t\t<h1><strong><u>Condizioni di cancellazione<\/u><\/strong><\/h1>\n<\/p>\n<h3><strong>Condizioni di annullamento\/recesso<\/strong><\/h3>\n<p>In caso di cancellazione fino a sei settimane prima dell&#8217;arrivo, verr\u00e0 addebitato il 40% dell&#8217;importo della fattura come tassa di cancellazione. (Esempio: l&#8217;arrivo previsto \u00e8 sabato 24.09.2022, sei settimane prima dell&#8217;arrivo \u00e8 sabato 13.08.2022, la cancellazione deve pervenire entro le 24:00 del 12.08.2022).<\/p>\n<p>In caso di cancellazione fino a tre settimane prima dell&#8217;arrivo, verr\u00e0 addebitato il 75% dell&#8217;importo della fattura come tassa di cancellazione. (Esempio: l&#8217;arrivo previsto \u00e8 sabato 24.09.2022, tre settimane prima dell&#8217;arrivo \u00e8 sabato 03.09.2022, la cancellazione deve pervenire entro le 24:00 del 02.09.2022).<\/p>\n<p>In caso di cancellazione entro 3 settimane dall&#8217;arrivo, verr\u00e0 addebitato il 100% dell&#8217;importo della fattura come tassa di cancellazione. (Esempio: l&#8217;arrivo previsto \u00e8 sabato 24.09.2022, tre settimane prima dell&#8217;arrivo \u00e8 sabato 03.09.2022, le cancellazioni ricevute dopo il 03.09.2022 dalle ore 0:00 sono ricevute entro 3 settimane prima dell&#8217;arrivo).<\/p>\n<p>Le suddette condizioni di annullamento si applicano per analogia se il contratto viene annullato da RECON ISTRIA. In caso di annullamento del contratto di locazione, i pagamenti in eccesso saranno rimborsati se applicabili.<\/p><\/p>\n\t\t\t\t\t\t\t\t<\/div>\n\t\t\t\t<\/div>\n\t\t\t\t\t<\/div>\n\t\t<\/div>\n\t\t\t\t\t<\/div>\n\t\t<\/section>\n\t\t\t\t<\/div>\n\t\t","protected":false},"excerpt":{"rendered":"<p>Condizioni di cancellazione Condizioni di annullamento\/recesso In caso di cancellazione fino a sei settimane prima dell&#8217;arrivo, verr\u00e0 addebitato il 40% dell&#8217;importo della fattura come tassa di cancellazione. (Esempio: l&#8217;arrivo previsto \u00e8 sabato 24.09.2022, sei settimane prima dell&#8217;arrivo \u00e8 sabato 13.08.2022, la cancellazione deve pervenire entro le 24:00 del 12.08.2022). In caso di cancellazione fino a [&hellip;]<\/p>\n","protected":false},"author":1,"featured_media":0,"parent":0,"menu_order":0,"comment_status":"closed","ping_status":"closed","template":"","meta":{"footnotes":""},"class_list":["post-3398","page","type-page","status-publish","hentry"],"_links":{"self":[{"href":"https:\/\/villa-istrien.eu\/it\/wp-json\/wp\/v2\/pages\/3398","targetHints":{"allow":["GET"]}}],"collection":[{"href":"https:\/\/villa-istrien.eu\/it\/wp-json\/wp\/v2\/pages"}],"about":[{"href":"https:\/\/villa-istrien.eu\/it\/wp-json\/wp\/v2\/types\/page"}],"author":[{"embeddable":true,"href":"https:\/\/villa-istrien.eu\/it\/wp-json\/wp\/v2\/users\/1"}],"replies":[{"embeddable":true,"href":"https:\/\/villa-istrien.eu\/it\/wp-json\/wp\/v2\/comments?post=3398"}],"version-history":[{"count":0,"href":"https:\/\/villa-istrien.eu\/it\/wp-json\/wp\/v2\/pages\/3398\/revisions"}],"wp:attachment":[{"href":"https:\/\/villa-istrien.eu\/it\/wp-json\/wp\/v2\/media?parent=3398"}],"curies":[{"name":"wp","href":"https:\/\/api.w.org\/{rel}","templated":true}]}}