{"id":3375,"date":"2023-02-11T13:35:22","date_gmt":"2023-02-11T13:35:22","guid":{"rendered":"https:\/\/villa-istrien.eu\/uvjeti-otkazivanja\/"},"modified":"2023-04-22T10:26:35","modified_gmt":"2023-04-22T10:26:35","slug":"uvjeti-otkazivanja","status":"publish","type":"page","link":"https:\/\/villa-istrien.eu\/hr\/uvjeti-otkazivanja\/","title":{"rendered":"uvjeti otkazivanja"},"content":{"rendered":"\t\t<div data-elementor-type=\"wp-page\" data-elementor-id=\"3375\" class=\"elementor elementor-3375 elementor-845\" data-elementor-post-type=\"page\">\n\t\t\t\t\t\t<section class=\"elementor-section elementor-top-section elementor-element elementor-element-24cbce7c elementor-section-boxed elementor-section-height-default elementor-section-height-default\" data-id=\"24cbce7c\" data-element_type=\"section\" data-e-type=\"section\">\n\t\t\t\t\t\t<div class=\"elementor-container elementor-column-gap-default\">\n\t\t\t\t\t<div class=\"elementor-column elementor-col-100 elementor-top-column elementor-element elementor-element-259fe2ff\" data-id=\"259fe2ff\" data-element_type=\"column\" data-e-type=\"column\">\n\t\t\t<div class=\"elementor-widget-wrap elementor-element-populated\">\n\t\t\t\t\t\t<div class=\"elementor-element elementor-element-4628002b elementor-widget elementor-widget-text-editor\" data-id=\"4628002b\" data-element_type=\"widget\" data-e-type=\"widget\" data-widget_type=\"text-editor.default\">\n\t\t\t\t<div class=\"elementor-widget-container\">\n\t\t\t\t\t\t\t\t\t<h1><strong><u>uvjeti otkazivanja<\/u><\/strong><\/h1>\n<\/p>\n<h3><strong>Politika otkazivanja \/ Politika raskida<\/strong><\/h3>\n<p>Ako otka\u017eete do \u0161est tjedana prije dolaska, 40% iznosa fakture bit \u0107e napla\u0107eno kao naknada za otkazivanje. (Primjer: Planirani dolazak je subota, 24. rujna 2022., \u0161est tjedana prije dolaska je subota, 13. kolovoza 2022., otkazivanje mora biti primljeno najkasnije do pono\u0107i 12. kolovoza 2022.)<\/p>\n<p>Ako otka\u017eete do tri tjedna prije dolaska, 75% iznosa ra\u010duna bit \u0107e napla\u0107eno kao naknada za otkazivanje. (Primjer: planirani dolazak je subota, 24. rujna 2022., tri tjedna prije dolaska je subota, 3. rujna 2022., otkazivanje mora biti primljeno do 2. rujna 2022. najkasnije do pono\u0107i.)<\/p>\n<p>Ako otka\u017eete unutar 3 tjedna prije dolaska, 100% iznosa fakture bit \u0107e napla\u0107eno kao naknada za otkazivanje. (Primjer: planirani dolazak je subota, 24. rujna 2022., tri tjedna prije dolaska je subota, 3. rujna 2022., otkazivanja primljena nakon 3. rujna 2022. od 00:00 primaju se unutar 3 tjedna prije dolaska.)<\/p>\n<p>Navedeni uvjeti otkaza analogno se primjenjuju iu slu\u010daju raskida ugovora od strane RECON ISTRA. U slu\u010daju otkazivanja ugovora o najmu, prepla\u0107eni iznos mo\u017ee biti vra\u0107en.<\/p><\/p>\n\t\t\t\t\t\t\t\t<\/div>\n\t\t\t\t<\/div>\n\t\t\t\t\t<\/div>\n\t\t<\/div>\n\t\t\t\t\t<\/div>\n\t\t<\/section>\n\t\t\t\t<\/div>\n\t\t","protected":false},"excerpt":{"rendered":"<p>uvjeti otkazivanja Politika otkazivanja \/ Politika raskida Ako otka\u017eete do \u0161est tjedana prije dolaska, 40% iznosa fakture bit \u0107e napla\u0107eno kao naknada za otkazivanje. (Primjer: Planirani dolazak je subota, 24. rujna 2022., \u0161est tjedana prije dolaska je subota, 13. kolovoza 2022., otkazivanje mora biti primljeno najkasnije do pono\u0107i 12. kolovoza 2022.) Ako otka\u017eete do tri [&hellip;]<\/p>\n","protected":false},"author":1,"featured_media":0,"parent":0,"menu_order":0,"comment_status":"closed","ping_status":"closed","template":"","meta":{"footnotes":""},"class_list":["post-3375","page","type-page","status-publish","hentry"],"_links":{"self":[{"href":"https:\/\/villa-istrien.eu\/hr\/wp-json\/wp\/v2\/pages\/3375","targetHints":{"allow":["GET"]}}],"collection":[{"href":"https:\/\/villa-istrien.eu\/hr\/wp-json\/wp\/v2\/pages"}],"about":[{"href":"https:\/\/villa-istrien.eu\/hr\/wp-json\/wp\/v2\/types\/page"}],"author":[{"embeddable":true,"href":"https:\/\/villa-istrien.eu\/hr\/wp-json\/wp\/v2\/users\/1"}],"replies":[{"embeddable":true,"href":"https:\/\/villa-istrien.eu\/hr\/wp-json\/wp\/v2\/comments?post=3375"}],"version-history":[{"count":0,"href":"https:\/\/villa-istrien.eu\/hr\/wp-json\/wp\/v2\/pages\/3375\/revisions"}],"wp:attachment":[{"href":"https:\/\/villa-istrien.eu\/hr\/wp-json\/wp\/v2\/media?parent=3375"}],"curies":[{"name":"wp","href":"https:\/\/api.w.org\/{rel}","templated":true}]}}