{"id":3187,"date":"2022-05-08T10:09:12","date_gmt":"2022-05-08T10:09:12","guid":{"rendered":"https:\/\/villa-istrien.eu\/zastita-podataka\/"},"modified":"2023-07-02T08:32:56","modified_gmt":"2023-07-02T08:32:56","slug":"zastita-podataka","status":"publish","type":"page","link":"https:\/\/villa-istrien.eu\/hr\/zastita-podataka\/","title":{"rendered":"Za\u0161tita podataka"},"content":{"rendered":"\t\t<div data-elementor-type=\"wp-page\" data-elementor-id=\"3187\" class=\"elementor elementor-3187 elementor-3\" data-elementor-post-type=\"page\">\n\t\t\t\t\t\t<section class=\"elementor-section elementor-top-section elementor-element elementor-element-24cbce7c elementor-section-boxed elementor-section-height-default elementor-section-height-default\" data-id=\"24cbce7c\" data-element_type=\"section\" data-e-type=\"section\">\n\t\t\t\t\t\t<div class=\"elementor-container elementor-column-gap-default\">\n\t\t\t\t\t<div class=\"elementor-column elementor-col-100 elementor-top-column elementor-element elementor-element-259fe2ff\" data-id=\"259fe2ff\" data-element_type=\"column\" data-e-type=\"column\">\n\t\t\t<div class=\"elementor-widget-wrap elementor-element-populated\">\n\t\t\t\t\t\t<div class=\"elementor-element elementor-element-4628002b elementor-widget elementor-widget-text-editor\" data-id=\"4628002b\" data-element_type=\"widget\" data-e-type=\"widget\" data-widget_type=\"text-editor.default\">\n\t\t\t\t<div class=\"elementor-widget-container\">\n\t\t\t\t\t\t\t\t\t<h2>1. Privatnost na prvi pogled<\/h2>\n<h3>Op\u0107e informacije<\/h3>\n<p>Sljede\u0107e napomene pru\u017eaju jednostavan pregled onoga \u0161to se doga\u0111a s va\u0161im osobnim podacima kada posjetite ovo web mjesto. Osobni podaci su svi podaci pomo\u0107u kojih vas se mo\u017ee osobno identificirati. Detaljne informacije o temi za\u0161tite podataka mo\u017eete prona\u0107i u na\u0161oj izjavi o za\u0161titi podataka navedenoj ispod ovog teksta.<\/p>\n<h3>Prikupljanje podataka na ovoj web stranici<\/h3>\n<h4>Tko je odgovoran za prikupljanje podataka na ovoj web stranici?<\/h4>\n<p>Obradu podataka na ovoj web stranici provodi operater web stranice. Njihove kontakt podatke mo\u017eete prona\u0107i u odjeljku &#8220;Obavijest o odgovornom tijelu&#8221; u ovoj izjavi o za\u0161titi podataka.<\/p>\n<h4>Kako prikupljamo va\u0161e podatke?<\/h4>\n<p>S jedne strane, va\u0161i se podaci prikupljaju kada nam ih priop\u0107ite. Ovo mo\u017ee biti z. B. biti podaci koje unesete u kontakt obrazac.<\/p>\n<p>Ostale podatke automatski ili uz va\u0161 pristanak prikupljaju na\u0161i IT sustavi kada posjetite web stranicu. To su prvenstveno tehni\u010dki podaci (npr. internetski preglednik, operativni sustav ili vrijeme pregleda stranice). Ovi se podaci automatski prikupljaju \u010dim u\u0111ete na ovu web stranicu.<\/p>\n<h4>Za \u0161to koristimo va\u0161e podatke?<\/h4>\n<p>Dio podataka prikuplja se kako bi se osiguralo da se web stranica prikazuje bez pogre\u0161aka. Ostali podaci mogu se koristiti za analizu va\u0161eg pona\u0161anja korisnika.<\/p>\n<h4>Koja prava imate u vezi sa svojim podacima?<\/h4>\n<p>Imate pravo u bilo kojem trenutku besplatno dobiti informacije o podrijetlu, primatelju i svrsi va\u0161ih pohranjenih osobnih podataka. Tako\u0111er imate pravo zatra\u017eiti ispravak ili brisanje ovih podataka. Ako ste dali svoju suglasnost za obradu podataka, tu suglasnost mo\u017eete opozvati u bilo kojem trenutku ubudu\u0107e. Tako\u0111er imate pravo, pod odre\u0111enim okolnostima, zatra\u017eiti ograni\u010denje obrade Va\u0161ih osobnih podataka. Tako\u0111er imate pravo podnijeti pritu\u017ebu nadle\u017enom nadzornom tijelu.<\/p>\n<p>U svakom trenutku nas mo\u017eete kontaktirati ako imate dodatnih pitanja na temu za\u0161tite podataka.<\/p>\n<h2>2. Hosting<\/h2>\n<h3>strato<\/h3>\n<p>Smje\u0161tamo na\u0161u web stranicu na Strato. Pru\u017eatelj je Strato AG, Otto-Ostrowski-Strasse 7, 10249 Berlin (u daljnjem tekstu &#8220;Strato&#8221;). Kada posjetite na\u0161u web stranicu, Strato prikuplja razne datoteke dnevnika uklju\u010duju\u0107i va\u0161e IP adrese.<\/p>\n<p>Za vi\u0161e informacija pogledajte politiku privatnosti tvrtke Strato: <a href=\"https:\/\/www.strato.de\/datenschutz\/\" target=\"_blank\" rel=\"noopener noreferrer\">https:\/\/www.strato.de\/datenschutz\/<\/a> .<\/p>\n<p>Strato se koristi na temelju \u010dlanka 6. st. 1 lit. f GDPR. Imamo legitiman interes da na\u0161a web stranica bude prikazana \u0161to je pouzdanije mogu\u0107e. Ako je zatra\u017een odgovaraju\u0107i pristanak, obrada se odvija isklju\u010divo na temelju \u010dl.6.st. 1 lit. a GDPR i \u00a7 25 st. 1 TTDSG, u mjeri u kojoj privola uklju\u010duje pohranu kola\u010di\u0107a ili pristup informacijama na krajnjem ure\u0111aju korisnika (npr. otisak prsta ure\u0111aja) u smislu TTDSG. Suglasnost se mo\u017ee opozvati u bilo kojem trenutku.<\/p>\n<h4>Obrada narud\u017ebe<\/h4>\n<p>S gore navedenim ponu\u0111a\u010dem sklopili smo ugovor o obradi narud\u017ebi (AVV). Ovo je ugovor koji zahtijeva zakon o za\u0161titi podataka, koji osigurava da se osobni podaci posjetitelja na\u0161e web stranice obra\u0111uju samo prema na\u0161im uputama iu skladu s GDPR-om.<\/p>\n<h2>3. Op\u0107i podaci i obvezni podaci<\/h2>\n<h3>za\u0161tita podataka<\/h3>\n<p>Operateri ovih stranica vrlo ozbiljno shva\u0107aju za\u0161titu Va\u0161ih osobnih podataka. S va\u0161im osobnim podacima postupamo povjerljivo iu skladu sa zakonskim propisima o za\u0161titi podataka i ovom Izjavom o za\u0161titi podataka.<\/p>\n<p>Ako koristite ovu web stranicu, prikupljat \u0107e se razli\u010diti osobni podaci. Osobni podaci su podaci pomo\u0107u kojih vas se mo\u017ee osobno identificirati. Ova izjava o za\u0161titi podataka obja\u0161njava koje podatke prikupljamo i za \u0161to ih koristimo. Tako\u0111er obja\u0161njava kako i u koju svrhu se to doga\u0111a.<\/p>\n<p>\u017deljeli bismo istaknuti da prijenos podataka na Internetu (npr. kod komunikacije e-po\u0161tom) mo\u017ee imati sigurnosne propuste. Potpuna za\u0161tita podataka od pristupa tre\u0107ih strana nije mogu\u0107a.<\/p>\n<h3>Napomena o odgovornom tijelu<\/h3>\n<p>Odgovorno tijelo za obradu podataka na ovoj stranici je:<\/p>\n<p>RECON ISTRA doo<br \/>Srebrni\u0107i 14<br \/>52463 Vi\u0161njan<\/p>\n<p>Kontakt:<br \/>Markus &amp; Lydia Reihofer<br \/>Kaltenbacher Strasse 6<br \/>94133 Rohrnbach<\/p>\n<p>Telefon: 0049 8582 978 969-565<br \/>E-mail: urlaub@villa-istrien.eu<\/p>\n<p>Odgovorno tijelo je fizi\u010dka ili pravna osoba koja sama ili zajedno s drugima odlu\u010duje o namjeni i na\u010dinu obrade osobnih podataka (npr. imena, e-mail adrese i sl.).<\/p>\n<h3>trajanje skladi\u0161tenja<\/h3>\n<p>Osim ako u ovoj izjavi o za\u0161titi podataka nije navedeno odre\u0111eno razdoblje pohrane, va\u0161i osobni podaci ostat \u0107e kod nas dok svrha obrade podataka vi\u0161e ne bude primjenjiva. Ako podnesete legitiman zahtjev za brisanje ili opozovete svoju privolu za obradu podataka, va\u0161i \u0107e podaci biti izbrisani osim ako nemamo druge zakonski dopu\u0161tene razloge za pohranjivanje va\u0161ih osobnih podataka (npr. razdoblja \u010duvanja poreznih ili trgova\u010dkih prava); u potonjem slu\u010daju, podaci \u0107e biti izbrisani nakon \u0161to ti razlozi prestanu postojati.<\/p>\n<h3>Op\u0107enito o pravnoj osnovi za obradu podataka na ovoj web stranici<\/h3>\n<p>Ako ste pristali na obradu podataka, Va\u0161e osobne podatke obra\u0111ujemo na temelju \u010dl.6.st. 1 lit. a GDPR ili \u010dlanak 9. stavak. 2 lit. a GDPR, ako posebne kategorije podataka prema \u010dl. 9. st. 1 GDPR se obra\u0111uju. U slu\u010daju izri\u010dite suglasnosti za prijenos osobnih podataka u tre\u0107e zemlje, obrada podataka tako\u0111er se temelji na \u010dl.49.st. 1 lit. GDPR. Ako ste pristali na pohranjivanje kola\u010di\u0107a ili na pristup informacijama na va\u0161em krajnjem ure\u0111aju (npr. putem otiska prsta ure\u0111aja), obrada podataka tako\u0111er se provodi na temelju \u010dlanka 25. st. 1 TTDSG. Suglasnost se mo\u017ee opozvati u bilo kojem trenutku. Ako su Va\u0161i podaci potrebni za ispunjenje ugovora ili provedbu predugovornih mjera, Va\u0161e podatke obra\u0111ujemo na temelju \u010dl.6. 1 lit. b GDPR. Nadalje, Va\u0161e podatke obra\u0111ujemo ako su potrebni radi ispunjenja zakonske obveze temeljem \u010dl.6.st. 1 lit. c GDPR. Obrada podataka tako\u0111er se mo\u017ee temeljiti na na\u0161em legitimnom interesu prema \u010dlanku 6. stavku. 1 lit. f GDPR. Sljede\u0107i stavci ove izjave o za\u0161titi podataka pru\u017eaju informacije o relevantnim pravnim osnovama u svakom pojedina\u010dnom slu\u010daju.<\/p>\n<h3>Napomena o prijenosu podataka u SAD i ostale tre\u0107e zemlje<\/h3>\n<p>Izme\u0111u ostalog, koristimo alate tvrtki sa sjedi\u0161tem u SAD-u ili drugim tre\u0107im zemljama koje nisu sigurne prema zakonu o za\u0161titi podataka. Ako su ti alati aktivni, va\u0161i se osobni podaci mogu prenijeti u te tre\u0107e zemlje i tamo obra\u0111ivati. Napominjemo da se u ovim zemljama ne mo\u017ee jam\u010diti razina za\u0161tite podataka usporediva s onom u EU. Na primjer, ameri\u010dke tvrtke du\u017ene su predati osobne podatke sigurnosnim tijelima, a da vi kao doti\u010dna osoba ne mo\u017eete protiv toga pokrenuti pravni postupak. Stoga se ne mo\u017ee isklju\u010diti da \u0107e ameri\u010dke vlasti (npr. tajne slu\u017ebe) obraditi, procijeniti i trajno pohraniti va\u0161e podatke na ameri\u010dkim poslu\u017eiteljima u svrhu pra\u0107enja. Nemamo utjecaja na te aktivnosti obrade.<\/p>\n<h3>Opoziv va\u0161e suglasnosti za obradu podataka<\/h3>\n<p>Mnoge radnje obrade podataka mogu\u0107e su samo uz va\u0161 izri\u010diti pristanak. Privolu koju ste ve\u0107 dali mo\u017eete opozvati u bilo kojem trenutku. Opoziv ostaje nepromijenjen na zakonitost obrade podataka koja se odvijala do opoziva.<\/p>\n<h3>Pravo na prigovor na prikupljanje podataka u posebnim slu\u010dajevima i na izravno ogla\u0161avanje (\u010dl. 21. GDPR)<\/h3>\n<p>AKO SE OBRADA PODATAKA TEMELJEM NA \u010cL. 6 ABS. 1 LIT. E ILI F GDPR, IMATE PRAVO PRIGOVORITI SE OBRADI VA\u0160IH OSOBNIH PODATAKA U SVAKOM TRENUTKU IZ RAZLOGA KOJI PROIZLAZE IZ VA\u0160E POSEBNE SITUACIJE; OVO SE TAKO\u0110ER ODNOSI NA PROFILIRANJE NA TEMELJU OVIH ODREDBI. ODGOVARAJU\u0106A PRAVNA OSNOVA NA KOJOJ SE TEMELI OBRADA MO\u017dE SE PRONA\u0106I U OVOJ POLITICI ZA\u0160TITE PODATAKA. AKO SE PROTIVITE, NE\u0106EMO VI\u0160E OBRA\u0110IVATI VA\u0160E DOTI\u010cNE OSOBNE PODATKE OSIM AKO NE MO\u017dEMO DOKAZATI OPSE\u0106NE RAZLOGE ZA OBRADU KOJI NADLA\u017dUJU VA\u0160E INTERESE, PRAVA I SLOBODE PRIGOVOR PREMA \u010cLANKU 21. STAVKU 1. GDPR-a).<\/p>\n<p>AKO SE VA\u0160I OSOBNI PODATACI OBRA\u0110UJU U SVRHU IZRAVNOG OGLA\u0160AVANJA, IMATE PRAVO U BILO KOJE VRIJEME ULO\u017dITI PRIGOVOR OBRADI VA\u0160IH OSOBNIH PODATAKA U TAKVE SVRHE OGLA\u0160AVANJA; OVO SE TAKO\u0110ER ODNOSI NA PROFILIRANJE U MJERI KOJI SE ODNOSI NA TAKVO IZRAVNO OGLA\u0160AVANJE. AKO SE PROTIVITE, VA\u0160I OSOBNI PODACI SE VI\u0160E NE\u0106E KORISTITI U SVRHE IZRAVNOG OGLA\u0160AVANJA (PRIGOVOR PREMA \u010cL. 21. (2) GDPR).<\/p>\n<h3>Pravo \u017ealbe nadle\u017enom nadzornom tijelu<\/h3>\n<p>U slu\u010daju kr\u0161enja GDPR-a, pogo\u0111ene osobe imaju pravo podnijeti pritu\u017ebu nadzornom tijelu, posebno u dr\u017eavi \u010dlanici svog uobi\u010dajenog boravi\u0161ta, radnog mjesta ili mjesta navodnog kr\u0161enja. Pravo na podno\u0161enje pritu\u017ebe ne dovodi u pitanje bilo koji drugi upravni ili sudski pravni lijek.<\/p>\n<h3>Pravo na prenosivost podataka<\/h3>\n<p>Imate pravo da podatke koje automatski obra\u0111ujemo na temelju va\u0161eg pristanka ili u sklopu ispunjenja ugovora predamo vama ili tre\u0107oj strani u uobi\u010dajenom, strojno \u010ditljivom formatu. Ako zatra\u017eite izravan prijenos podataka drugoj odgovornoj osobi, to \u0107e biti u\u010dinjeno samo u mjeri u kojoj je to tehni\u010dki izvedivo.<\/p>\n<h3>Informacije, brisanje i ispravak<\/h3>\n<p>U okviru va\u017ee\u0107ih zakonskih odredbi imate pravo na besplatne informacije o svojim pohranjenim osobnim podacima, njihovom podrijetlu i primatelju te svrsi obrade podataka te, ako je potrebno, pravo na ispravak ili brisanje tih podataka u bilo kojem trenutku . U svakom trenutku nas mo\u017eete kontaktirati ako imate dodatnih pitanja na temu osobnih podataka.<\/p>\n<h3>Pravo na ograni\u010denje obrade<\/h3>\n<p>Imate pravo zatra\u017eiti ograni\u010denje obrade Va\u0161ih osobnih podataka. Za ovo nas mo\u017eete kontaktirati u bilo kojem trenutku. Pravo na ograni\u010denje obrade postoji u sljede\u0107im slu\u010dajevima:<\/p>\n<ul>\n<li>Ako osporavate to\u010dnost Va\u0161ih osobnih podataka koje pohranjujemo, obi\u010dno nam treba vremena da to provjerimo. Za vrijeme trajanja ispita imate pravo zahtijevati ograni\u010denje obrade Va\u0161ih osobnih podataka.<\/li>\n<li>Ukoliko se obrada Va\u0161ih osobnih podataka dogodila\/odvija se protuzakonito, umjesto brisanja mo\u017eete zatra\u017eiti ograni\u010denje obrade podataka.<\/li>\n<li>Ako nam Va\u0161i osobni podaci vi\u0161e nisu potrebni, ali su Vam potrebni za ostvarivanje, obranu ili ostvarivanje pravnih zahtjeva, imate pravo zahtijevati da se obrada Va\u0161ih osobnih podataka ograni\u010di umjesto brisanja.<\/li>\n<li>Ako prigovorite prema \u010dl.21.st. 1 GDPR, potrebno je napraviti ravnote\u017eu izme\u0111u va\u0161ih i na\u0161ih interesa. Sve dok jo\u0161 nije utvr\u0111eno \u010diji interesi prevladavaju, imate pravo zahtijevati ograni\u010denje obrade Va\u0161ih osobnih podataka.<\/li>\n<\/ul>\n<p>Ako ste ograni\u010dili obradu svojih osobnih podataka, ti se podaci \u2013 osim za njihovo pohranjivanje \u2013 mogu koristiti samo uz Va\u0161 pristanak ili za podno\u0161enje, ostvarivanje ili obranu pravnih zahtjeva ili za za\u0161titu prava druge fizi\u010dke ili pravne osobe ili iz razloga obra\u0111uju se va\u017eni javni interesi Europske unije ili dr\u017eave \u010dlanice.<\/p>\n<h3>SSL ili TLS enkripcija<\/h3>\n<p>Iz sigurnosnih razloga i radi za\u0161tite prijenosa povjerljivih sadr\u017eaja, kao \u0161to su narud\u017ebe ili upiti koje nam \u0161aljete kao operateru stranice, ova stranica koristi SSL ili TLS enkripciju. \u0160ifriranu vezu mo\u017eete prepoznati po tome \u0161to se redak adrese preglednika mijenja iz &#8220;http:\/\/&#8221; u &#8220;https:\/\/&#8221; i po simbolu lokota u retku preglednika.<\/p>\n<p>Ako je aktivirana SSL ili TLS enkripcija, podatke koje nam \u0161aljete tre\u0107e strane ne mogu \u010ditati.<\/p>\n<h3>\u0160ifrirane platne transakcije na ovoj web stranici<\/h3>\n<p>Ako nakon sklapanja ugovora uz naknadu postoji obveza slanja podataka o pla\u0107anju (npr. broj ra\u010duna za autorizaciju izravnog tere\u0107enja), ti su podaci potrebni za obradu pla\u0107anja.<\/p>\n<p>Platne transakcije uobi\u010dajenim sredstvima pla\u0107anja (Visa\/MasterCard, izravno tere\u0107enje) obavljaju se isklju\u010divo putem kriptirane SSL ili TLS veze. \u0160ifriranu vezu mo\u017eete prepoznati po tome \u0161to se redak adrese preglednika mijenja iz &#8220;http:\/\/&#8221; u &#8220;https:\/\/&#8221; i po simbolu lokota u retku preglednika.<\/p>\n<p>Uz \u0161ifriranu komunikaciju, va\u0161e podatke o pla\u0107anju koje nam \u0161aljete tre\u0107e strane ne mogu \u010ditati.<\/p>\n<h2>4. Prikupljanje podataka na ovoj web stranici<\/h2>\n<h3>kola\u010di\u0107i<\/h3>\n<p>Na\u0161a web stranica koristi takozvane &#8220;kola\u010di\u0107e&#8221;. Kola\u010di\u0107i su male tekstualne datoteke i ne uzrokuju nikakvu \u0161tetu va\u0161em krajnjem ure\u0111aju. Oni se pohranjuju na va\u0161 krajnji ure\u0111aj ili privremeno tijekom trajanja sesije (kola\u010di\u0107i sesije) ili trajno (trajni kola\u010di\u0107i). Kola\u010di\u0107i sesije automatski se bri\u0161u nakon va\u0161eg posjeta. Trajni kola\u010di\u0107i ostaju pohranjeni na va\u0161em krajnjem ure\u0111aju sve dok ih sami ne izbri\u0161ete ili dok ih automatski ne izbri\u0161e va\u0161 web preglednik.<\/p>\n<p>U nekim slu\u010dajevima kola\u010di\u0107i tvrtki tre\u0107ih strana tako\u0111er se mogu pohraniti na va\u0161 krajnji ure\u0111aj kada u\u0111ete na na\u0161u stranicu (kola\u010di\u0107i tre\u0107ih strana). Oni nama ili vama omogu\u0107uju kori\u0161tenje odre\u0111enih usluga tvrtke tre\u0107e strane (npr. kola\u010di\u0107i za obradu usluga pla\u0107anja).<\/p>\n<p>Kola\u010di\u0107i imaju razli\u010dite funkcije. Brojni su kola\u010di\u0107i tehni\u010dki neophodni jer odre\u0111ene funkcije web stranice ne bi radile bez njih (npr. funkcija ko\u0161arice ili prikaz videa). Ostali kola\u010di\u0107i koriste se za procjenu pona\u0161anja korisnika ili za prikaz ogla\u0161avanja.<\/p>\n<p>Kola\u010di\u0107i koji su potrebni za provedbu procesa elektroni\u010dke komunikacije, za pru\u017eanje odre\u0111enih funkcija koje \u017eelite (npr. za funkciju ko\u0161arice) ili za optimizaciju web stranice (npr. kola\u010di\u0107i za mjerenje web publike) (nu\u017eni kola\u010di\u0107i) na temelju \u010dl. 6. st. 1 lit. f GDPR, osim ako nije navedena druga pravna osnova. Operater web stranice ima legitiman interes za pohranu potrebnih kola\u010di\u0107a za tehni\u010dki besprijekorno i optimizirano pru\u017eanje svojih usluga. Ako je zatra\u017eena suglasnost za pohranjivanje kola\u010di\u0107a i usporedivih tehnologija prepoznavanja, obrada se odvija isklju\u010divo na temelju te suglasnosti (\u010dl. 6. st. 1. lit. a DSGVO i \u00a7 25. st. 1. TTDSG); privolu je mogu\u0107e opozvati u bilo kojem trenutku.<\/p>\n<p>Mo\u017eete postaviti svoj preglednik tako da budete obavije\u0161teni o postavkama kola\u010di\u0107a i dopustiti kola\u010di\u0107e samo u pojedina\u010dnim slu\u010dajevima, isklju\u010diti prihva\u0107anje kola\u010di\u0107a za odre\u0111ene slu\u010dajeve ili op\u0107enito i aktivirati automatsko brisanje kola\u010di\u0107a kada se preglednik zatvori. Ako su kola\u010di\u0107i deaktivirani, funkcionalnost ove web stranice mo\u017ee biti ograni\u010dena.<\/p>\n<p>Ako kola\u010di\u0107e koriste tvrtke tre\u0107e strane ili u svrhu analize, o tome \u0107emo vas posebno obavijestiti u ovoj izjavi o za\u0161titi podataka i, ako je potrebno, zatra\u017eiti va\u0161 pristanak.<\/p>\n<h3>Kontakt obrazac<\/h3>\n<p>Ako nam po\u0161aljete upite putem obrasca za kontakt, va\u0161e podatke iz obrasca za upit, uklju\u010duju\u0107i kontakt podatke koje ste tamo naveli, pohranit \u0107emo u svrhu obrade upita i u slu\u010daju naknadnih pitanja. Ne proslje\u0111ujemo te podatke bez va\u0161eg pristanka.<\/p>\n<p>Ovi se podaci obra\u0111uju temeljem \u010dl.6.st. 1 lit. b GDPR ako se va\u0161 zahtjev odnosi na ispunjenje ugovora ili je nu\u017ean za provedbu predugovornih mjera. U svim drugim slu\u010dajevima, obrada se temelji na na\u0161em legitimnom interesu za u\u010dinkovitu obradu upita upu\u0107enih nama (\u010dl. 6. stavak 1. lit. f GDPR) ili na va\u0161em pristanku (\u010dl. 6. stavak 1. lit. a GDPR) ako je ovo upitano; privolu je mogu\u0107e opozvati u bilo kojem trenutku.<\/p>\n<p>Podaci koje unesete u obrazac za kontakt ostat \u0107e kod nas sve dok ne zatra\u017eite njihovo brisanje, opozovete privolu za pohranu ili dok svrha pohrane podataka vi\u0161e ne vrijedi (npr. nakon obrade va\u0161eg zahtjeva). Obvezne zakonske odredbe &#8211; posebno razdoblja \u010duvanja &#8211; ostaju nepromijenjene.<\/p>\n<h2>5. Alati za analizu i ogla\u0161avanje<\/h2>\n<h3>WPSstatistika<\/h3>\n<p>Ova web stranica koristi alat za analizu WP Statistics za statisti\u010dku procjenu pristupa posjetitelja. Pru\u017eatelj je Veronalabs, ARENCO Tower, 27th Floor, Dubai Media City, Dubai, Dubai 23816, UAE ( <a href=\"https:\/\/veronalabs.com\" target=\"_blank\" rel=\"noopener noreferrer\">https:\/\/veronalabs.com<\/a> ).<\/p>\n<p>Pomo\u0107u WP statistike mo\u017eemo analizirati kori\u0161tenje na\u0161e web stranice. WP Statistics bilje\u017ei, izme\u0111u ostalog, log datoteke (IP adresa, preporuka, kori\u0161teni preglednik, porijeklo korisnika, kori\u0161tena tra\u017eilica) i radnje koje su posjetitelji web stranice poduzeli na web mjestu (npr. klikovi i pregledi).<\/p>\n<p>Podaci zabilje\u017eeni pomo\u0107u WP Statistics pohranjuju se isklju\u010divo na na\u0161em poslu\u017eitelju.<\/p>\n<p>Ovaj alat za analizu koristi se na temelju \u010dlanka 6. st. 1 lit. f GDPR. Imamo legitiman interes za anonimnu analizu pona\u0161anja korisnika kako bismo optimizirali na\u0161u web stranicu i na\u0161e ogla\u0161avanje. Ako je zatra\u017een odgovaraju\u0107i pristanak, obrada se odvija isklju\u010divo na temelju \u010dl.6.st. 1 lit. a GDPR i \u00a7 25 st. 1 TTDSG, u mjeri u kojoj privola uklju\u010duje pohranu kola\u010di\u0107a ili pristup informacijama na krajnjem ure\u0111aju korisnika (npr. otisak prsta ure\u0111aja) u smislu TTDSG. Suglasnost se mo\u017ee opozvati u bilo kojem trenutku.<\/p>\n<h4>IP anonimizacija<\/h4>\n<p>Koristimo WP statistiku s anonimiziranim IP-om. Va\u0161a IP adresa bit \u0107e skra\u0107ena tako da vam se vi\u0161e ne mo\u017ee izravno dodijeliti.<\/p>\n<h2>6. Dodaci i alati<\/h2>\n<h3>YouTube s pobolj\u0161anom privatno\u0161\u0107u<\/h3>\n<p>Ova web stranica uklju\u010duje videozapise s YouTubea. Operater web stranice je Google Ireland Limited (&#8220;Google&#8221;), Gordon House, Barrow Street, Dublin 4, Irska.<\/p>\n<p>YouTube koristimo u pro\u0161irenom na\u010dinu za\u0161tite podataka. Prema YouTubeu, ovaj na\u010din rada zna\u010di da YouTube ne pohranjuje nikakve informacije o posjetiteljima ove web stranice prije nego pogledaju video. Me\u0111utim, pro\u0161ireni na\u010din za\u0161tite podataka ne isklju\u010duje nu\u017eno prijenos podataka YouTube partnerima. YouTube tako uspostavlja vezu s Google DoubleClick mre\u017eom, bez obzira na to gledate li video.<\/p>\n<p>\u010cim pokrenete YouTube video na ovoj web stranici, uspostavlja se veza s YouTube poslu\u017eiteljima. YouTube poslu\u017eitelj je obavije\u0161ten koju ste od na\u0161ih stranica posjetili. Ako ste prijavljeni na svoj YouTube ra\u010dun, omogu\u0107ujete YouTubeu da va\u0161e pona\u0161anje surfanja izravno dodijeli va\u0161em osobnom profilu. To mo\u017eete sprije\u010diti tako da se odjavite sa svog YouTube ra\u010duna.<\/p>\n<p>Nadalje, YouTube mo\u017ee spremiti razli\u010dite kola\u010di\u0107e na va\u0161 krajnji ure\u0111aj nakon pokretanja videozapisa ili koristiti usporedive tehnologije prepoznavanja (npr. otisak prsta ure\u0111aja). Na taj na\u010din YouTube mo\u017ee primati informacije o posjetiteljima ove web stranice. Ti se podaci, izme\u0111u ostalog, koriste za prikupljanje videostatistike, za pobolj\u0161anje jednostavnosti kori\u0161tenja i za sprje\u010davanje poku\u0161aja prijevare.<\/p>\n<p>Ako je potrebno, nakon pokretanja YouTube videa, mogu se pokrenuti daljnje operacije obrade podataka na koje mi nemamo utjecaja.<\/p>\n<p>YouTube se koristi u interesu atraktivne prezentacije na\u0161e online ponude. To predstavlja legitiman interes u smislu \u010dlanka 6. st. 1 lit. f GDPR. Ako je zatra\u017een odgovaraju\u0107i pristanak, obrada se odvija isklju\u010divo na temelju \u010dl.6.st. 1 lit. a GDPR i \u00a7 25 st. 1 TTDSG, u mjeri u kojoj privola uklju\u010duje pohranu kola\u010di\u0107a ili pristup informacijama na krajnjem ure\u0111aju korisnika (npr. otisak prsta ure\u0111aja) u smislu TTDSG. Suglasnost se mo\u017ee opozvati u bilo kojem trenutku.<\/p>\n<p>Vi\u0161e informacija o za\u0161titi podataka na YouTubeu mo\u017eete prona\u0107i u njihovoj izjavi o za\u0161titi podataka na: <a href=\"https:\/\/policies.google.com\/privacy?hl=de\" target=\"_blank\" rel=\"noopener noreferrer\">https:\/\/policies.google.com\/privacy?hl=de<\/a> .<\/p>\n<h2>7. Pru\u017eatelji usluga e-trgovine i pla\u0107anja<\/h2>\n<h3>usluge pla\u0107anja<\/h3>\n<p>Na na\u0161u web stranicu integriramo usluge pla\u0107anja tre\u0107ih strana. Ako kupujete od nas, va\u0161e podatke o pla\u0107anju (npr. ime, iznos pla\u0107anja, podatke o ra\u010dunu, broj kreditne kartice) obradit \u0107e pru\u017eatelj usluga pla\u0107anja u svrhu obrade pla\u0107anja. Na ove se transakcije primjenjuju odgovaraju\u0107i ugovori i odredbe o za\u0161titi podataka doti\u010dnog pru\u017eatelja usluga. Pru\u017eatelji platnih usluga koriste se temeljem \u010dl.6.st. 1 lit. b GDPR (obrada ugovora) iu interesu glatkog, prakti\u010dnog i sigurnog procesa pla\u0107anja (\u010dl. 6. stavak 1. lit. f GDPR). Ako se za odre\u0111ene radnje tra\u017ei va\u0161 pristanak, \u010dl.6.st. 1 lit. GDPR pravni temelj za obradu podataka; Suglasnost se mo\u017ee opozvati u bilo kojem trenutku za budu\u0107nost.<\/p>\n<p>Na ovoj web stranici koristimo sljede\u0107e usluge pla\u0107anja \/ pru\u017eatelje usluga pla\u0107anja:<\/p>\n<h4>PayPal<\/h4>\n<p>Pru\u017eatelj ove usluge pla\u0107anja je PayPal (Europe) S.\u00e0.rl et Cie, SCA, 22-24 Boulevard Royal, L-2449 Luxembourg (u daljnjem tekstu &#8220;PayPal&#8221;).<\/p>\n<p>Prijenos podataka u SAD temelji se na standardnim ugovornim klauzulama Komisije EU. Detalje mo\u017eete prona\u0107i ovdje: <a href=\"https:\/\/www.paypal.com\/de\/webapps\/mpp\/ua\/pocpsa-full\" target=\"_blank\" rel=\"noopener noreferrer\">https:\/\/www.paypal.com\/de\/webapps\/mpp\/ua\/pocpsa-full<\/a> .<\/p>\n<p>Pojedinosti se mogu prona\u0107i u PayPalovoj izjavi o za\u0161titi podataka: <a href=\"https:\/\/www.paypal.com\/de\/webapps\/mpp\/ua\/privacy-full\" target=\"_blank\" rel=\"noopener noreferrer\">https:\/\/www.paypal.com\/de\/webapps\/mpp\/ua\/privacy-full<\/a> .<\/p>\n\t\t\t\t\t\t\t\t<\/div>\n\t\t\t\t<\/div>\n\t\t\t\t\t<\/div>\n\t\t<\/div>\n\t\t\t\t\t<\/div>\n\t\t<\/section>\n\t\t\t\t<\/div>\n\t\t","protected":false},"excerpt":{"rendered":"<p>1. Privatnost na prvi pogled Op\u0107e informacije Sljede\u0107e napomene pru\u017eaju jednostavan pregled onoga \u0161to se doga\u0111a s va\u0161im osobnim podacima kada posjetite ovo web mjesto. Osobni podaci su svi podaci pomo\u0107u kojih vas se mo\u017ee osobno identificirati. Detaljne informacije o temi za\u0161tite podataka mo\u017eete prona\u0107i u na\u0161oj izjavi o za\u0161titi podataka navedenoj ispod ovog teksta. [&hellip;]<\/p>\n","protected":false},"author":1,"featured_media":0,"parent":0,"menu_order":0,"comment_status":"closed","ping_status":"closed","template":"","meta":{"footnotes":""},"class_list":["post-3187","page","type-page","status-publish","hentry"],"_links":{"self":[{"href":"https:\/\/villa-istrien.eu\/hr\/wp-json\/wp\/v2\/pages\/3187","targetHints":{"allow":["GET"]}}],"collection":[{"href":"https:\/\/villa-istrien.eu\/hr\/wp-json\/wp\/v2\/pages"}],"about":[{"href":"https:\/\/villa-istrien.eu\/hr\/wp-json\/wp\/v2\/types\/page"}],"author":[{"embeddable":true,"href":"https:\/\/villa-istrien.eu\/hr\/wp-json\/wp\/v2\/users\/1"}],"replies":[{"embeddable":true,"href":"https:\/\/villa-istrien.eu\/hr\/wp-json\/wp\/v2\/comments?post=3187"}],"version-history":[{"count":0,"href":"https:\/\/villa-istrien.eu\/hr\/wp-json\/wp\/v2\/pages\/3187\/revisions"}],"wp:attachment":[{"href":"https:\/\/villa-istrien.eu\/hr\/wp-json\/wp\/v2\/media?parent=3187"}],"curies":[{"name":"wp","href":"https:\/\/api.w.org\/{rel}","templated":true}]}}