{"id":3404,"date":"2023-02-11T13:35:22","date_gmt":"2023-02-11T13:35:22","guid":{"rendered":"https:\/\/villa-istrien.eu\/conditions-dannulation\/"},"modified":"2023-04-22T10:26:32","modified_gmt":"2023-04-22T10:26:32","slug":"conditions-dannulation","status":"publish","type":"page","link":"https:\/\/villa-istrien.eu\/fr\/conditions-dannulation\/","title":{"rendered":"Conditions d&#8217;annulation"},"content":{"rendered":"\t\t<div data-elementor-type=\"wp-page\" data-elementor-id=\"3404\" class=\"elementor elementor-3404 elementor-845\" data-elementor-post-type=\"page\">\n\t\t\t\t\t\t<section class=\"elementor-section elementor-top-section elementor-element elementor-element-24cbce7c elementor-section-boxed elementor-section-height-default elementor-section-height-default\" data-id=\"24cbce7c\" data-element_type=\"section\" data-e-type=\"section\">\n\t\t\t\t\t\t<div class=\"elementor-container elementor-column-gap-default\">\n\t\t\t\t\t<div class=\"elementor-column elementor-col-100 elementor-top-column elementor-element elementor-element-259fe2ff\" data-id=\"259fe2ff\" data-element_type=\"column\" data-e-type=\"column\">\n\t\t\t<div class=\"elementor-widget-wrap elementor-element-populated\">\n\t\t\t\t\t\t<div class=\"elementor-element elementor-element-4628002b elementor-widget elementor-widget-text-editor\" data-id=\"4628002b\" data-element_type=\"widget\" data-e-type=\"widget\" data-widget_type=\"text-editor.default\">\n\t\t\t\t<div class=\"elementor-widget-container\">\n\t\t\t\t\t\t\t\t\t<h1><strong><u>Conditions d&#8217;annulation<\/u><\/strong><\/h1>\n<\/p>\n<h3><strong>Conditions d&#8217;annulation \/ conditions de r\u00e9siliation<\/strong><\/h3>\n<p>En cas d&#8217;annulation jusqu&#8217;\u00e0 six semaines avant l&#8217;arriv\u00e9e, 40% du montant de la facture seront factur\u00e9s \u00e0 titre de frais d&#8217;annulation. (Exemple : l&#8217;arriv\u00e9e pr\u00e9vue est le samedi 24.09.2022, six semaines avant l&#8217;arriv\u00e9e est le samedi 13.08.2022, l&#8217;annulation doit \u00eatre re\u00e7ue au plus tard le 12.08.2022 avant 24:00).<\/p>\n<p>En cas d&#8217;annulation jusqu&#8217;\u00e0 trois semaines avant l&#8217;arriv\u00e9e, 75% du montant de la facture seront factur\u00e9s \u00e0 titre de frais d&#8217;annulation. (Exemple : l&#8217;arriv\u00e9e pr\u00e9vue est le samedi 24.09.2022, trois semaines avant l&#8217;arriv\u00e9e est le samedi 03.09.2022, l&#8217;annulation doit \u00eatre re\u00e7ue au plus tard le 02.09.2022 avant 24:00).<\/p>\n<p>En cas d&#8217;annulation dans les 3 semaines avant l&#8217;arriv\u00e9e, 100% du montant de la facture sera factur\u00e9 \u00e0 titre de frais d&#8217;annulation. (Exemple : l&#8217;arriv\u00e9e pr\u00e9vue est le samedi 24.09.2022, trois semaines avant l&#8217;arriv\u00e9e est le samedi 03.09.2022, les annulations re\u00e7ues \u00e0 partir du 03.09.2022 \u00e0 partir de 0:00 sont re\u00e7ues dans les 3 semaines avant l&#8217;arriv\u00e9e).<\/p>\n<p>Les conditions d&#8217;annulation susmentionn\u00e9es s&#8217;appliquent par analogie lorsque le contrat est r\u00e9sili\u00e9 par RECON ISTRIA. En cas d&#8217;annulation du contrat de location, les paiements exc\u00e9dentaires seront rembours\u00e9s, le cas \u00e9ch\u00e9ant.<\/p><\/p>\n\t\t\t\t\t\t\t\t<\/div>\n\t\t\t\t<\/div>\n\t\t\t\t\t<\/div>\n\t\t<\/div>\n\t\t\t\t\t<\/div>\n\t\t<\/section>\n\t\t\t\t<\/div>\n\t\t","protected":false},"excerpt":{"rendered":"<p>Conditions d&#8217;annulation Conditions d&#8217;annulation \/ conditions de r\u00e9siliation En cas d&#8217;annulation jusqu&#8217;\u00e0 six semaines avant l&#8217;arriv\u00e9e, 40% du montant de la facture seront factur\u00e9s \u00e0 titre de frais d&#8217;annulation. (Exemple : l&#8217;arriv\u00e9e pr\u00e9vue est le samedi 24.09.2022, six semaines avant l&#8217;arriv\u00e9e est le samedi 13.08.2022, l&#8217;annulation doit \u00eatre re\u00e7ue au plus tard le 12.08.2022 avant [&hellip;]<\/p>\n","protected":false},"author":1,"featured_media":0,"parent":0,"menu_order":0,"comment_status":"closed","ping_status":"closed","template":"","meta":{"footnotes":""},"class_list":["post-3404","page","type-page","status-publish","hentry"],"_links":{"self":[{"href":"https:\/\/villa-istrien.eu\/fr\/wp-json\/wp\/v2\/pages\/3404","targetHints":{"allow":["GET"]}}],"collection":[{"href":"https:\/\/villa-istrien.eu\/fr\/wp-json\/wp\/v2\/pages"}],"about":[{"href":"https:\/\/villa-istrien.eu\/fr\/wp-json\/wp\/v2\/types\/page"}],"author":[{"embeddable":true,"href":"https:\/\/villa-istrien.eu\/fr\/wp-json\/wp\/v2\/users\/1"}],"replies":[{"embeddable":true,"href":"https:\/\/villa-istrien.eu\/fr\/wp-json\/wp\/v2\/comments?post=3404"}],"version-history":[{"count":0,"href":"https:\/\/villa-istrien.eu\/fr\/wp-json\/wp\/v2\/pages\/3404\/revisions"}],"wp:attachment":[{"href":"https:\/\/villa-istrien.eu\/fr\/wp-json\/wp\/v2\/media?parent=3404"}],"curies":[{"name":"wp","href":"https:\/\/api.w.org\/{rel}","templated":true}]}}