{"id":672,"date":"2022-10-16T12:36:24","date_gmt":"2022-10-16T12:36:24","guid":{"rendered":"https:\/\/istrien.taheri-baustelle.de\/?page_id=672"},"modified":"2022-10-16T12:45:27","modified_gmt":"2022-10-16T12:45:27","slug":"agbs","status":"publish","type":"page","link":"https:\/\/villa-istrien.eu\/de\/agbs\/","title":{"rendered":"AGBs"},"content":{"rendered":"<div data-elementor-type=\"wp-page\" data-elementor-id=\"672\" class=\"elementor elementor-672\" data-elementor-post-type=\"page\">\n\t\t\t\t\t\t<section class=\"elementor-section elementor-top-section elementor-element elementor-element-24cbce7c elementor-section-boxed elementor-section-height-default elementor-section-height-default\" data-id=\"24cbce7c\" data-element_type=\"section\" data-e-type=\"section\">\n\t\t\t\t\t\t<div class=\"elementor-container elementor-column-gap-default\">\n\t\t\t\t\t<div class=\"elementor-column elementor-col-100 elementor-top-column elementor-element elementor-element-259fe2ff\" data-id=\"259fe2ff\" data-element_type=\"column\" data-e-type=\"column\">\n\t\t\t<div class=\"elementor-widget-wrap elementor-element-populated\">\n\t\t\t\t\t\t<div class=\"elementor-element elementor-element-4628002b elementor-widget elementor-widget-text-editor\" data-id=\"4628002b\" data-element_type=\"widget\" data-e-type=\"widget\" data-widget_type=\"text-editor.default\">\n\t\t\t\t<div class=\"elementor-widget-container\">\n\t\t\t\t\t\t\t\t\t<h1><strong><u>Allgemeine Gesch\u00e4ftsbedingungen der RECON ISTRIA d.o.o.<\/u><\/strong><\/h1><p>\u00a0<\/p><h3><strong>EINF\u00dcHRUNG<\/strong><\/h3><p><u>Eigent\u00fcmer und Vermieter ist die:<\/u><\/p><p>RECON ISTRIA d.o.o.<br \/>Srebrni\u0107i 14<br \/>52463 Vi\u0161njan<\/p><p>im Folgenden \u201eRECON ISTRIA\u201c.<\/p><p>\u00a0<\/p><p><u>Mietgegenstand ist die:<\/u><\/p><p>Villa Pietra<br \/>Srebrni\u0107i 14<br \/>52463 Vi\u0161njan<\/p><p>im Folgenden \u201eVilla Pietra\u201c.<\/p><p>\u00a0<\/p><p>Um die Buchung abzuschlie\u00dfen, m\u00fcssen die G\u00e4ste den Allgemeinen Gesch\u00e4ftsbedingungen der RECON ISTRIA zustimmen. Mit der Buchung der Villa Pietra im gew\u00fcnschten Zeitraum stimmen die G\u00e4ste diesen Allgemeinen Gesch\u00e4ftsbedingungen zu. Nachdem bei RECON ISTRIA die Buchung eingeht, wird an die G\u00e4ste eine Rechnung gesandt. Die Rechnung stellt eine verbindliche Buchungsbest\u00e4tigung dar und bildet zusammen mit diesen Allgemeinen Gesch\u00e4ftsbedingungen den Mietvertrag zwischen den G\u00e4sten als Mieter und der RECON ISTRIA als Vermieter.<\/p><h2><strong>1.\u00a0\u00a0\u00a0 VILLA PIETRA<\/strong><\/h2><h3><strong>1.1.\u00a0\u00a0\u00a0\u00a0\u00a0 G\u00e4stezahl<\/strong><\/h3><p>Auf dem Grundst\u00fcck der Villa Pietra d\u00fcrfen sich nur Personen aufhalten, die in der G\u00e4steinformation angegeben wurden. Die Villa Pietra verf\u00fcgt \u00fcber acht Betten, die H\u00f6chstkapazit\u00e4t betr\u00e4gt damit acht Personen. Kinder ab f\u00fcnf Jahren z\u00e4hlen als eine Person. Kleinkinder bis vier Jahre k\u00f6nnen zus\u00e4tzlich zur maximalen G\u00e4steanzahl mitgenommen werden, sofern diese kein eigenes Bett ben\u00f6tigen. Eine \u00c4nderung der G\u00e4steanzahl ist drei Tage vor der Anreise per Email mitzuteilen. Sollten sich in der Villa bzw. auf dem Grundst\u00fcck mehr Personen befinden als angemeldet, beh\u00e4lt sich die RECON ISTIRA das Recht vor, den Mietvertrag fristlos mit sofortiger Wirkung zu k\u00fcndigen. Daraufhin werden die G\u00e4ste die Villa binnen zwei Stunden endg\u00fcltig verlassen. Eine R\u00fcckerstattung f\u00fcr den ungenutzten Zeitraum der Mietdauer ist ausgeschlossen.<\/p><h3><strong>1.2.\u00a0\u00a0\u00a0\u00a0\u00a0 J\u00fcngere G\u00e4stegruppen<\/strong><\/h3><p>Sollten die G\u00e4ste 25 Jahre alt sein oder j\u00fcnger, gelten sie als eine j\u00fcngere G\u00e4stegruppe. RECON ISTRIA ist \u00fcber das Alter der Gruppe vor oder unmittelbar nach der Buchung in Kenntnis zu setzen, sofern es sich um eine j\u00fcngere G\u00e4stegruppe handelt. Die Nichteinhaltung dieser Regelung kann zu einer Stornierung der Buchung bzw. zur fristlosen K\u00fcndigung des Mietvertrages f\u00fchren, wobei den G\u00e4sten in diesem Fall kein Anspruch auf R\u00fcckerstattung der geleisteten Miete gew\u00e4hrt wird.<\/p><h3><strong>1.3.\u00a0\u00a0\u00a0\u00a0\u00a0 Zelte und Wohnwagen<\/strong><\/h3><p>Auf dem Grundst\u00fcck der Villa Pietra d\u00fcrfen keine Zelte, Wohnwagen, Wohnmobile etc. abgestellt werden. Sollte dieses Verbot nicht einbehalten werden, ist RECON ISTRIA dazu befugt, den Mietvertrag fristlos mit sofortiger Wirkung zu k\u00fcndigen. Daraufhin werden die G\u00e4ste gemeinsam mit allen dort untergebrachten Personen die Villa binnen zwei Stunden endg\u00fcltig verlassen. Eine R\u00fcckerstattung f\u00fcr den ungenutzten Zeitraum der Mietdauer ist ausgeschlossen.<\/p><h3><strong>1.4.\u00a0\u00a0\u00a0\u00a0\u00a0 Haustiere und Allergien<\/strong><\/h3><p>F\u00fcr Haustiere ist der Zutritt zum Swimmingpool untersagt. Beim Buchungsvorgang wird der Gast die Anzahl von Haustieren angeben. Der Aufschlag f\u00fcr Haustiere wird automatisch zum Mietpreis addiert. Die Anzahl von Haustieren in der Villa Pietra darf die angemeldete und auf der Best\u00e4tigung angef\u00fchrte Anzahl nicht \u00fcberschreiten.<\/p><p>Hundehalter sind selbst f\u00fcr die Beseitigung der Hinterlassenschaften ihres Haustiers verantwortlich. Das zur\u00fccklassen der Hinterlassenschaften f\u00fchrt zu zus\u00e4tzlichen Reinigungskosten, die den G\u00e4sten zus\u00e4tzlich in Rechnung gestellt wird.<\/p><p>Haustiere d\u00fcrfen zu keinem Zeitpunkt auf M\u00f6bel steigen. Jeder Nachweis \u00fcber Tiere an M\u00f6belst\u00fccken kann eine Erh\u00f6hung der Endreinigungskosten nach sich ziehen. Alle Haustiere m\u00fcssen rechtzeitig gegen Tollwut und alle weiteren Erkrankungen gem\u00e4\u00df einschl\u00e4gigen Vorschriften geimpft sein. Den G\u00e4sten wird empfohlen, sich \u00fcber m\u00f6gliche Erkrankungen der Haustiere im Reisegebiet zu informieren und diese vorzubeugen. F\u00fcr die Haustierhaltung in der Villa Pietra tragen die G\u00e4ste die alleinige Verantwortung. Die RECON ISTRIA \u00fcbernimmt keine Haftung f\u00fcr etwaige Krankheiten und Verletzungen von Haustieren w\u00e4hrend des Aufenthalts.<\/p><p>Da das Mitbringen von Haustieren grunds\u00e4tzlich gestattet ist, k\u00f6nnte es sein, dass vorherige G\u00e4ste ein Haustier dabei hatten. Die RECON ISTRIA \u00fcbernimmt keinerlei Haftung f\u00fcr allergische Reaktionen bei G\u00e4sten, die infolge von Haustieren auftreten k\u00f6nnen.<\/p><p>F\u00fcr den Fall, dass der Gast ein nicht angek\u00fcndigtes Haustier mitbringt, beh\u00e4lt sich RECON ISTRIA das Recht vor, den Mietvertrag fristlos mit sofortiger Wirkung zu k\u00fcndigen. Daraufhin wird der Gast gemeinsam mit allen dort untergebrachten Personen die Villa binnen zwei Stunden endg\u00fcltig verlassen. Eine R\u00fcckerstattung f\u00fcr den ungenutzten Zeitraum der Mietdauer ist ausgeschlossen.<\/p><h3><strong>1.5.\u00a0\u00a0\u00a0\u00a0\u00a0 L\u00e4rm \/ R\u00fccksichtnahme<\/strong><\/h3><p>Wir bitten unsere G\u00e4ste auf die Menschen in der Nachbarschaft, besonders nachts ab 22:00 bis 07:00 Uhr, R\u00fccksicht zu nehmen. Sollten die G\u00e4ste mit L\u00e4rm die \u00f6ffentliche Ruhe und Ordnung st\u00f6ren und auch nach einer Verwarnung nicht ruhiger werden, so stellt dies eine schwerwiegende Verletzung des Mietvertrages dar. Die RECON ISTRIA ist in diesem Fall berechtigt den Mietvertrag mit sofortiger Wirkung zu k\u00fcndigen. Daraufhin wird der Gast gemeinsam mit allen dort untergebrachten Personen die Villa binnen zwei Stunden endg\u00fcltig verlassen. Eine R\u00fcckerstattung f\u00fcr den ungenutzten Zeitraum der Mietdauer ist ausgeschlossen.<\/p><h3><strong>1.6.\u00a0\u00a0\u00a0\u00a0\u00a0 Swimmingpool<\/strong><\/h3><p>Der Gast wird zur eigenen Sicherheit jegliche Anweisungen des Eigent\u00fcmers \u00fcber die Nutzung des Swimmingpools befolgen. Der Gast ist in jeder Hinsicht f\u00fcr die Nutzung des Swimmingpools selbst verantwortlich. Kinder d\u00fcrfen sich nur unter Aufsicht Erwachsener im Bereich des Swimmingpools aufhalten. Der Gast nutzt den Swimmingpool auf eigene Verantwortung. Sollte die Unterkunft au\u00dferhalb der Sommersaison Juni-August gebucht werden, besteht die M\u00f6glichkeit, dass der Swimmingpool nicht genutzt werden kann.<\/p><h3><strong>1.7.\u00a0\u00a0\u00a0\u00a0\u00a0 Poolheizung<\/strong><\/h3><p>Die Villa Pietra verf\u00fcgt \u00fcber eine Poolheizung. Die Poolheizung kann bei der Buchung zus\u00e4tzlich gebucht werden. Die Wirkung der Poolheizung h\u00e4ngt von den \u00e4u\u00dferen Umwelteinfl\u00fcssen wie Sonnenschein, W\u00e4rme, Wind, Temperatur etc. ab. Eine bestimmte W\u00e4rme des Pools kann daher nicht garantiert werden und ist auch nicht geschuldet.<\/p><h3><strong>1.8.\u00a0\u00a0\u00a0\u00a0\u00a0 Hausordnung<\/strong><\/h3><p>Die Villa verf\u00fcgt \u00fcber eine gesonderte Hausordnung, die in der Villa aush\u00e4ngt. Die Hausordnung ist damit wesentlicher Bestandteil des Mietvertrages. Sollten die G\u00e4ste die Hausordnung nicht befolgen, stellt dies eine schwerwiegende Verletzung des Mietvertrages dar. F\u00fcr den Fall, eines Versto\u00dfes gegen die Hausordnung, beh\u00e4lt sich RECON ISTRIA das Recht vor, den Mietvertrag fristlos mit sofortiger Wirkung zu k\u00fcndigen. Daraufhin wird der Gast gemeinsam mit allen dort untergebrachten Personen die Villa binnen zwei Stunden endg\u00fcltig verlassen. Eine R\u00fcckerstattung f\u00fcr den ungenutzten Zeitraum der Mietdauer ist ausgeschlossen.<\/p><h2><strong>2.\u00a0\u00a0\u00a0 AN- UND ABREISE<\/strong><\/h2><p>Der fr\u00fcheste Check-In ist um 16.00 Uhr am Tag der Anreise. Der sp\u00e4teste Check-Out ist um 9.00 Uhr am Tag der Abreise. Eine fr\u00fchere Anreise und sp\u00e4tere Abreise sind nicht m\u00f6glich.<\/p><h3><strong>2.1.\u00a0\u00a0\u00a0\u00a0\u00a0 Anmeldung der G\u00e4ste<\/strong><\/h3><p>G\u00e4ste sind nach kroatischem Gesetz verpflichtet, dem Vermieter der Villa offizielle Identifikationsdokumente f\u00fcr touristische Anmeldungszwecke beim nationalen Fremdenverkehrsamt (HTZ) zur Verf\u00fcgung zu stellen. Diese Daten werden nicht f\u00fcr andere Zwecke verwendet. Werden die erforderlichen Identifikationsdokumente nicht vorgelegt, kann der Zugang zur Unterkunft ohne Erstattung der bezahlten Miete verweigert werden.<\/p><h2><strong>3.\u00a0\u00a0\u00a0 PREISE UND ZAHLUNGSBEDINUNGEN<\/strong><\/h2><p>Sofern nicht anders angegeben, sind alle Preise in Euro pro Villa und Woche angegeben.<\/p><p>Mit Abschluss des Buchungsvorgangs wird der Vertrag mit der RECON ISTRIA abgeschlossen. Die Buchung ist verbindlich und der gew\u00e4hlte Zeitraum wird f\u00fcr die G\u00e4ste verbindlich blockiert. Nach Abschluss des Buchungsvorgangs erhalten die G\u00e4ste eine Rechnung per Email oder auf dem Postweg. Die Rechnung ist zusammen mit diesen Allgemeinen Gesch\u00e4ftsbedingungen und der Hausordnung fester Bestandteil des Mietvertrages zwischen den G\u00e4sten und RECON ISTRIA.<\/p><p>Die Kosten f\u00fcr Wasser-, Gas- und Stromverbrauch, Internetzugang, Bettw\u00e4sche, K\u00fcchent\u00fccher, Endreinigung des Interieurs, Instandhaltung des Pools und des Exterieurs, Anmeldung und Ortstaxe sowie die Umsatzsteuer sind im Mietpreis inbegriffen.<\/p><p>Die RECON ISTRIA empfiehlt den Abschluss einer Reiseru\u0308cktrittsversicherung sowie den Abschluss einer Haftpflichtversicherung. Auf der Homepage von RECON ISTRIA wird eine Reiseru\u0308cktrittsversicherung angeboten. Der Versicherungsvertrag kommt mit dem Gast und der Versicherung zustande. Die Abwicklung und Abrechnung erfolgt direkt zwischen dem Gast und der Versicherung.<\/p><h3><strong>3.1.\u00a0\u00a0\u00a0\u00a0\u00a0 Buchungen au\u00dferhalb von 6 Wochen vor Mietbeginn<\/strong><\/h3><p>Bei Buchung au\u00dferhalb von sechs Wochen vor der Anreise finden folgende Bedingungen Anwendung: Nachdem bei RECON ISTRIA die Buchung eingeht, erhalten die G\u00e4ste eine Rechnung per Email oder auf dem Postweg. Sp\u00e4testens 5 Tage nach erfolgter Buchung ist eine Anzahlung von 40% zu leisten. Die Zahlung erfolgt per \u00dcberweisung auf das genannte Bankkonto. Andere Zahlungsmethoden wie Kreditkarte, PayPal etc. werden nicht angeboten. Der verbleibende Betrag ist sp\u00e4testens sechs Wochen vor der Anreise zu leisten.<\/p><h3><strong>3.2.\u00a0\u00a0\u00a0\u00a0\u00a0 Buchungen innerhalb von 6 Wochen vor Mietbeginn<\/strong><\/h3><p>Bei Buchung innerhalb von sechs Wochen vor der Anreise ist der gesamte Rechnungsbetrag innerhalb von 5 Tagen zu \u00fcberweisen. Die Zahlung erfolgt per \u00dcberweisung auf das genannte Bankkonto. Andere Zahlungsmethoden wie Kreditkarte, PayPal etc. werden nicht angeboten.<\/p><h3><strong>3.3.\u00a0\u00a0\u00a0\u00a0\u00a0 Buchungen unmittelbar vor Mietbeginn (Last-Minute)<\/strong><\/h3><p>Bei Buchung unmittelbar, innerhalb einer Woche vor Mietbeginn, ist der gesamte Rechnungsbetrag sofort zur Zahlung f\u00e4llig. In diesem Fall ist die Zahlung per Kreditkarte oder PayPal vorzunehmen. Weitere Informationen erhalten die G\u00e4ste dann zusammen mit der Rechnung.<\/p><h3><strong>3.4.\u00a0\u00a0\u00a0\u00a0\u00a0 Nichteinhaltung der Zahlungsfristen<\/strong><\/h3><p>Der Gast \u00fcbernimmt die Pflicht, Zahlungen binnen der in diesem Punkt der Allgemeinen Gesch\u00e4ftsbedingungen definierten Fristen und auf die hier erl\u00e4uterte Weise zu t\u00e4tigen. Sollte sich der Gast nicht an die Zahlungsfristen halten, ist dies ein schwerwiegender Versto\u00df gegen Vertragspflichten. RECON ISTRIA ist in diesem Fall zur fristlosen K\u00fcndigung berechtigt.<\/p><h2><strong>4.\u00a0\u00a0\u00a0 K\u00dcNDIGUNG UND ABRECHNUNG<\/strong><\/h2><h3><strong>4.1.\u00a0\u00a0\u00a0\u00a0\u00a0 K\u00fcndigung<\/strong><\/h3><p>Ein abgeschlossener Mietvertrag kann ausschlie\u00dflich in Textform per Email gek\u00fcndigt werden. Die K\u00fcndigung ist wirksam ab jenem Tag, an dem sie beim Vertragspartner eingehen und nur unter den hier genannten Bedingungen.<\/p><h3><strong>4.2\u00a0 \u00a0 \u00a0 \u00a0Stornierungsbedingungen \/ K\u00fcndigungsbedingungen<\/strong><\/h3><p>Bei Stornierung bis sechs Wochen vor der Anreise werden 40% des Rechnungsbetrages als Stornierungsgeb\u00fchr berechnet. (Beispiel: Geplante Anreise ist Samstag, der 24.09.2022, sechsen Wochen vor der Anreise ist Samstag, der 13.08.2022, die Stornierung muss sp\u00e4testens am 12.08.2022 bis 24:00 eingehen.)<\/p><p>Bei Stornierung bis drei Wochen vor der Anreise werden 75% des Rechnungsbetrages als Stornierungsgeb\u00fchr berechnet. (Beispiel: Geplante Anreise ist Samstag, der 24.09.2022, drei Wochen vor der Anreise ist Samstag, der 03.09.2022, die Stornierung muss sp\u00e4testens am 02.09.2022 bis 24:00 eingehen.)<\/p><p>Bei Stornierung innerhalb von 3 Wochen vor Anreise werden 100% des Rechnungsbetrages als Stornierungsgeb\u00fchr berechnet. (Beispiel: Geplante Anreise ist Samstag, der 24.09.2022, drei Wochen vor der Anreise ist Samstag, der 03.09.2022, Stornierungen die ab dem 03.09.2022 ab 0:00 eingehen sind innerhalb von 3 Wochen vor der Anreise eingegangen.)<\/p><p>Die vorgenannten Stornierungsbedingungen gelten analog, wenn der Vertrag durch RECON ISTRIA gek\u00fcndigt wird. Bei einer Stornierung des Mietvertrags werden \u00dcberzahlungen gegebenenfalls erstattet.<\/p><h3><strong>4.3\u00a0 \u00a0 \u00a0 \u00a0H\u00f6here Gewalt<\/strong><\/h3><p>Sollte der abgeschlossene Mietvertrag wegen h\u00f6herer Gewalt (z.B. Krieg, Naturkatastrophen, Umweltkatastrophen, Epidemie, Grenzschlie\u00dfung, Streik usw.) durch RECON ISTRIA nicht erf\u00fcllt werden k\u00f6nnen oder sollte die Vertragserf\u00fcllung wesentlich erschwert sein infolge h\u00f6herer Gewalt, die beim Vertragsschluss nicht vorhersehbar war, kann RECON ISTRIA den Mietvertrag k\u00fcndigen. Da RECON ISTRIA f\u00fcr den Eintritt der zuvor genannten Umst\u00e4nde nicht haftbar gemacht werden kann, gelten die unter 4.2 geregelten Stornierungsbedingungen \/ K\u00fcndigungsbedingungen im Falle von h\u00f6herer Gewalt analog.<\/p><h2><strong>5.\u00a0\u00a0\u00a0 VORLIEGENDE M\u00c4NGEL UND REKLAMATIONEN<\/strong><\/h2><p>Sollte der Gast bei der \u00dcbernahme der Villa mangelhafte Reinigung, Sch\u00e4den und sonstige M\u00e4ngel an der Villa feststellen oder andere Reklamationen haben, wird er dies unverz\u00fcglich, jedenfalls aber binnen 24 Stunden, beanstanden. Die Reklamation wird direkt gegen\u00fcber RECON ISTRIA bzw. seinem lokalen Vertreter vor Ort ge\u00e4u\u00dfert.<\/p><p>Der Gast ist verpflichtet, nach seinen M\u00f6glichkeiten das Auftreten von Sch\u00e4den abzuwenden bzw. einzuschr\u00e4nken und dazu beizutragen, dass jede Art von Verlust f\u00fcr den Eigent\u00fcmer so gering wie m\u00f6glich bleibt.<\/p><p>Bei jeder Art von Reklamationen wird der Gast dem Eigent\u00fcmer eine angemessene Frist zur Ma\u0308ngelbeseitigung gew\u00e4hren.<\/p><p>Ein Verlassen der Villa vor Ablauf der vereinbarten Mietdauer und ohne vorige Ank\u00fcndigung und Absprache geht auf Risiko und Kosten des Gastes, wobei RECON ISTRIA keinerlei Haftung \u00fcbernimmt.<\/p><h2><strong>6.\u00a0\u00a0\u00a0 SCH\u00c4DEN<\/strong><\/h2><p>Der Gast \u00fcbernimmt die Pflicht, die gemietete Villa Pietra sorgf\u00e4ltig zu nutzen. Der Gast hat die Villa im vorgefundenen Zustand zu \u00fcbergeben. F\u00fcr alle verursachten Sch\u00e4den haftet der Gast direkt gegen\u00fcber der RECON ISTRIA.<\/p><p>Der Gast wird \u00fcber den Eintritt jedweden Schadens an der Villa und auf dem Grundst\u00fcck um die Villa innerhalb der Mietdauer unverz\u00fcglich den Eigent\u00fcmer in Kenntnis setzen. Vor Abreise des Gastes und der \u00dcbergabe wird der Gast zusammen einem beauftragten der RECON ISTRIA die Villa und das Grundst\u00fcck besichtigen.<\/p><p>Sofern kein Schaden verursacht wurde, wird die RECON ISTRIA dem Gast die hinterlegte Kaution zur\u00fcckerstatten. Sollte ein Schaden verursacht worden sein und der Gast \u00fcber eine Versicherung verf\u00fcgen, wird der Gast gem\u00e4\u00df den Versicherungsbedingungen vorgehen.<\/p><p>Als Schaden wird auch ein zus\u00e4tzlicher Reinigungsaufwand wegen besonders schlechtem Zustand der Villa nach R\u00fcckgabe durch den Gast an die RECON ISTRIA verstanden, so dass die RECON ISTRIA diesen Schaden aus der Kaution begleichen kann. Ein zus\u00e4tzlicher Reinigungsaufwand zur Beseitigung von Hinterlassenschaften von Haustieren wird auch als Schaden in diesem Sinne verstanden. Die RECON ISTRIA ist berechtigt die zus\u00e4tzlichen Reinigungskosten mit der Kaution zu begleichen.<\/p><h2><strong>7.\u00a0\u00a0\u00a0 GERICHTSSTAND<\/strong><\/h2><p>Die Vertragsparteien werden versuchen etwaige Streitigkeiten einvernehmlich beizulegen. Gerichtsstand ist das \u00f6rtlich zust\u00e4ndige Gericht am Sitz RECON ISTRIA in Kroatien unter Anwendung kroatischer Rechtsnormen.<\/p>\t\t\t\t\t\t\t\t<\/div>\n\t\t\t\t<\/div>\n\t\t\t\t\t<\/div>\n\t\t<\/div>\n\t\t\t\t\t<\/div>\n\t\t<\/section>\n\t\t\t\t<\/div>","protected":false},"excerpt":{"rendered":"<p>Allgemeine Gesch\u00e4ftsbedingungen der RECON ISTRIA d.o.o. \u00a0 EINF\u00dcHRUNG Eigent\u00fcmer und Vermieter ist die: RECON ISTRIA d.o.o.Srebrni\u0107i 1452463 Vi\u0161njan im Folgenden \u201eRECON ISTRIA\u201c. \u00a0 Mietgegenstand ist die: Villa PietraSrebrni\u0107i 1452463 Vi\u0161njan im Folgenden \u201eVilla Pietra\u201c. \u00a0 Um die Buchung abzuschlie\u00dfen, m\u00fcssen die G\u00e4ste den Allgemeinen Gesch\u00e4ftsbedingungen der RECON ISTRIA zustimmen. Mit der Buchung der Villa Pietra [&hellip;]<\/p>\n","protected":false},"author":1,"featured_media":0,"parent":0,"menu_order":0,"comment_status":"closed","ping_status":"closed","template":"","meta":{"footnotes":""},"class_list":["post-672","page","type-page","status-publish","hentry"],"_links":{"self":[{"href":"https:\/\/villa-istrien.eu\/de\/wp-json\/wp\/v2\/pages\/672","targetHints":{"allow":["GET"]}}],"collection":[{"href":"https:\/\/villa-istrien.eu\/de\/wp-json\/wp\/v2\/pages"}],"about":[{"href":"https:\/\/villa-istrien.eu\/de\/wp-json\/wp\/v2\/types\/page"}],"author":[{"embeddable":true,"href":"https:\/\/villa-istrien.eu\/de\/wp-json\/wp\/v2\/users\/1"}],"replies":[{"embeddable":true,"href":"https:\/\/villa-istrien.eu\/de\/wp-json\/wp\/v2\/comments?post=672"}],"version-history":[{"count":0,"href":"https:\/\/villa-istrien.eu\/de\/wp-json\/wp\/v2\/pages\/672\/revisions"}],"wp:attachment":[{"href":"https:\/\/villa-istrien.eu\/de\/wp-json\/wp\/v2\/media?parent=672"}],"curies":[{"name":"wp","href":"https:\/\/api.w.org\/{rel}","templated":true}]}}