{"id":3369,"date":"2023-02-11T13:35:22","date_gmt":"2023-02-11T13:35:22","guid":{"rendered":"https:\/\/villa-istrien.eu\/storno-podminky\/"},"modified":"2023-04-22T10:26:32","modified_gmt":"2023-04-22T10:26:32","slug":"storno-podminky","status":"publish","type":"page","link":"https:\/\/villa-istrien.eu\/cs\/storno-podminky\/","title":{"rendered":"Storno podm\u00ednky"},"content":{"rendered":"\t\t<div data-elementor-type=\"wp-page\" data-elementor-id=\"3369\" class=\"elementor elementor-3369 elementor-845\" data-elementor-post-type=\"page\">\n\t\t\t\t\t\t<section class=\"elementor-section elementor-top-section elementor-element elementor-element-24cbce7c elementor-section-boxed elementor-section-height-default elementor-section-height-default\" data-id=\"24cbce7c\" data-element_type=\"section\" data-e-type=\"section\">\n\t\t\t\t\t\t<div class=\"elementor-container elementor-column-gap-default\">\n\t\t\t\t\t<div class=\"elementor-column elementor-col-100 elementor-top-column elementor-element elementor-element-259fe2ff\" data-id=\"259fe2ff\" data-element_type=\"column\" data-e-type=\"column\">\n\t\t\t<div class=\"elementor-widget-wrap elementor-element-populated\">\n\t\t\t\t\t\t<div class=\"elementor-element elementor-element-4628002b elementor-widget elementor-widget-text-editor\" data-id=\"4628002b\" data-element_type=\"widget\" data-e-type=\"widget\" data-widget_type=\"text-editor.default\">\n\t\t\t\t<div class=\"elementor-widget-container\">\n\t\t\t\t\t\t\t\t\t<h1><strong><u>Storno podm\u00ednky<\/u><\/strong><\/h1>\n<\/p>\n<h3><strong>Podm\u00ednky zru\u0161en\u00ed \/ ukon\u010den\u00ed<\/strong><\/h3>\n<p>V p\u0159\u00edpad\u011b zru\u0161en\u00ed rezervace do \u0161esti t\u00fddn\u016f p\u0159ed p\u0159\u00edjezdem bude \u00fa\u010dtov\u00e1n storno poplatek ve v\u00fd\u0161i 40 % z fakturovan\u00e9 \u010d\u00e1stky. (P\u0159\u00edklad: Pl\u00e1novan\u00fd p\u0159\u00edjezd je v sobotu 24.09.2022, \u0161est t\u00fddn\u016f p\u0159ed p\u0159\u00edjezdem je sobota 13.08.2022, storno mus\u00ed b\u00fdt doru\u010deno nejpozd\u011bji do 12.08.2022 do 24:00).<\/p>\n<p>V p\u0159\u00edpad\u011b zru\u0161en\u00ed rezervace do t\u0159\u00ed t\u00fddn\u016f p\u0159ed p\u0159\u00edjezdem bude \u00fa\u010dtov\u00e1n storno poplatek ve v\u00fd\u0161i 75 % z fakturovan\u00e9 \u010d\u00e1stky. (P\u0159\u00edklad: Pl\u00e1novan\u00fd p\u0159\u00edjezd je v sobotu 24.09.2022, t\u0159i t\u00fddny p\u0159ed p\u0159\u00edjezdem je sobota 03.09.2022, storno mus\u00ed b\u00fdt doru\u010deno nejpozd\u011bji do 24:00 dne 02.09.2022).<\/p>\n<p>V p\u0159\u00edpad\u011b zru\u0161en\u00ed rezervace do 3 t\u00fddn\u016f p\u0159ed p\u0159\u00edjezdem bude \u00fa\u010dtov\u00e1n storno poplatek ve v\u00fd\u0161i 100 % z fakturovan\u00e9 \u010d\u00e1stky. (P\u0159\u00edklad: Pl\u00e1novan\u00fd p\u0159\u00edjezd je v sobotu 24.09.2022, t\u0159i t\u00fddny p\u0159ed p\u0159\u00edjezdem je sobota 03.09.2022, storna p\u0159ijat\u00e1 po 03.09.2022 od 0:00 jsou p\u0159ijata do 3 t\u00fddn\u016f p\u0159ed p\u0159\u00edjezdem).<\/p>\n<p>V\u00fd\u0161e uveden\u00e9 podm\u00ednky odstoupen\u00ed od smlouvy plat\u00ed obdobn\u011b, pokud je smlouva zru\u0161ena spole\u010dnost\u00ed RECON ISTRIA. V p\u0159\u00edpad\u011b zru\u0161en\u00ed n\u00e1jemn\u00ed smlouvy budou p\u0159\u00edpadn\u011b vr\u00e1ceny p\u0159eplatky.<\/p><\/p>\n\t\t\t\t\t\t\t\t<\/div>\n\t\t\t\t<\/div>\n\t\t\t\t\t<\/div>\n\t\t<\/div>\n\t\t\t\t\t<\/div>\n\t\t<\/section>\n\t\t\t\t<\/div>\n\t\t","protected":false},"excerpt":{"rendered":"<p>Storno podm\u00ednky Podm\u00ednky zru\u0161en\u00ed \/ ukon\u010den\u00ed V p\u0159\u00edpad\u011b zru\u0161en\u00ed rezervace do \u0161esti t\u00fddn\u016f p\u0159ed p\u0159\u00edjezdem bude \u00fa\u010dtov\u00e1n storno poplatek ve v\u00fd\u0161i 40 % z fakturovan\u00e9 \u010d\u00e1stky. (P\u0159\u00edklad: Pl\u00e1novan\u00fd p\u0159\u00edjezd je v sobotu 24.09.2022, \u0161est t\u00fddn\u016f p\u0159ed p\u0159\u00edjezdem je sobota 13.08.2022, storno mus\u00ed b\u00fdt doru\u010deno nejpozd\u011bji do 12.08.2022 do 24:00). V p\u0159\u00edpad\u011b zru\u0161en\u00ed rezervace do t\u0159\u00ed [&hellip;]<\/p>\n","protected":false},"author":1,"featured_media":0,"parent":0,"menu_order":0,"comment_status":"closed","ping_status":"closed","template":"","meta":{"footnotes":""},"class_list":["post-3369","page","type-page","status-publish","hentry"],"_links":{"self":[{"href":"https:\/\/villa-istrien.eu\/cs\/wp-json\/wp\/v2\/pages\/3369","targetHints":{"allow":["GET"]}}],"collection":[{"href":"https:\/\/villa-istrien.eu\/cs\/wp-json\/wp\/v2\/pages"}],"about":[{"href":"https:\/\/villa-istrien.eu\/cs\/wp-json\/wp\/v2\/types\/page"}],"author":[{"embeddable":true,"href":"https:\/\/villa-istrien.eu\/cs\/wp-json\/wp\/v2\/users\/1"}],"replies":[{"embeddable":true,"href":"https:\/\/villa-istrien.eu\/cs\/wp-json\/wp\/v2\/comments?post=3369"}],"version-history":[{"count":0,"href":"https:\/\/villa-istrien.eu\/cs\/wp-json\/wp\/v2\/pages\/3369\/revisions"}],"wp:attachment":[{"href":"https:\/\/villa-istrien.eu\/cs\/wp-json\/wp\/v2\/media?parent=3369"}],"curies":[{"name":"wp","href":"https:\/\/api.w.org\/{rel}","templated":true}]}}